{"id":684,"date":"2025-08-10T05:28:18","date_gmt":"2025-08-10T03:28:18","guid":{"rendered":"https:\/\/shop.akumaye.org\/?post_type=product&#038;p=684"},"modified":"2025-10-30T14:51:16","modified_gmt":"2025-10-30T13:51:16","slug":"bamboo-ngombi-harp","status":"publish","type":"product","link":"https:\/\/shop.akumaye.org\/de\/product\/bamboo-ngombi-harp\/","title":{"rendered":"Bambus-Ngombi-Harfe"},"content":{"rendered":"<p><strong>Handgefertigte Harfe, sanfter Klang und einzigartige Handwerkskunst f\u00fcr Momente der Inspiration und Verbundenheit.<\/strong><\/p>\n<p>Die handgefertigte Akumay\u00ea-Harfe wird von erfahrenen H\u00e4nden gefertigt und verbindet traditionelle Technik mit k\u00fcnstlerischer Sensibilit\u00e4t. Jedes Instrument wird aus ausgew\u00e4hlten H\u00f6lzern mit nat\u00fcrlichem Finish gefertigt und erzeugt einen zarten Klang, der eine Atmosph\u00e4re der Ruhe und Kontemplation schafft.<br \/>\nIdeal f\u00fcr intime Darbietungen, Meditationen, therapeutische Praktiken und Umgebungen, in denen Musik als Mittel zur Verbindung gesch\u00e4tzt wird.<br \/>\nDa jede Harfe handgefertigt ist, weist sie einzigartige Merkmale des handwerklichen Prozesses auf und macht sie nicht nur zu einem Musikinstrument, sondern auch zu einem lebendigen Kunstwerk.<\/p>\n<p>Die Ngombi-Harfe ist nur auf Anfrage erh\u00e4ltlich. Z\u00f6gern Sie nicht, Kontakt aufzunehmen.<\/p>\n<div id=\"simple-translate\" class=\"simple-translate-system-theme\">\n<div>\n<div class=\"simple-translate-button isShow\" style=\"background-image: url('chrome-extension:\/\/ibplnjkanclpjokhdolnendpplpjiace\/icons\/512.png'); height: 22px; width: 22px; top: 32px; left: -76px;\"><\/div>\n<div class=\"simple-translate-panel\" style=\"width: 300px; height: 200px; top: 0px; left: 0px; font-size: 13px;\">\n<div class=\"simple-translate-result-wrapper\" style=\"overflow: hidden;\">\n<div class=\"simple-translate-move\" draggable=\"true\"><\/div>\n<div class=\"simple-translate-result-contents\">\n<p class=\"simple-translate-candidate\" dir=\"auto\">\n<\/div>\n<\/div>\n<\/div>\n<\/div>\n<\/div>","protected":false},"excerpt":{"rendered":"<p>Handgefertigte Harfe, sanfter Klang und einzigartige Handwerkskunst f\u00fcr Momente der Inspiration und Verbundenheit.<\/p>","protected":false},"featured_media":687,"comment_status":"open","ping_status":"closed","template":"","meta":[],"product_brand":[],"product_cat":[42],"product_tag":[],"class_list":{"0":"post-684","1":"product","2":"type-product","3":"status-publish","4":"has-post-thumbnail","6":"product_cat-instruments","8":"first","9":"onbackorder","10":"shipping-taxable","11":"purchasable","12":"product-type-simple"},"yoast_head":"<!-- This site is optimized with the Yoast SEO Premium plugin v22.6 (Yoast SEO v27.4) - https:\/\/yoast.com\/product\/yoast-seo-premium-wordpress\/ -->\n<title>Bamboo Ngombi Harp - Akumay\u00ea Shop<\/title>\n<meta name=\"robots\" content=\"index, follow, max-snippet:-1, max-image-preview:large, max-video-preview:-1\" \/>\n<link rel=\"canonical\" href=\"https:\/\/shop.akumaye.org\/de\/product\/bamboo-ngombi-harp\/\" \/>\n<meta property=\"og:locale\" content=\"de_DE\" \/>\n<meta property=\"og:type\" content=\"article\" \/>\n<meta property=\"og:title\" content=\"Bamboo Ngombi Harp\" \/>\n<meta property=\"og:description\" content=\"Handcrafted harp, gentle sound and unique craftsmanship for moments of inspiration and connection.\" \/>\n<meta property=\"og:url\" content=\"https:\/\/shop.akumaye.org\/de\/product\/bamboo-ngombi-harp\/\" \/>\n<meta property=\"og:site_name\" content=\"Akumay\u00ea Shop\" \/>\n<meta property=\"article:modified_time\" content=\"2025-10-30T13:51:16+00:00\" \/>\n<meta property=\"og:image\" content=\"https:\/\/shop.akumaye.org\/wp-content\/uploads\/2025\/08\/harfe-handgemachte-musik_akumaye_10-1.jpeg\" \/>\n\t<meta property=\"og:image:width\" content=\"1440\" \/>\n\t<meta property=\"og:image:height\" content=\"1920\" \/>\n\t<meta property=\"og:image:type\" content=\"image\/jpeg\" \/>\n<script type=\"application\/ld+json\" class=\"yoast-schema-graph\">{\"@context\":\"https:\\\/\\\/schema.org\",\"@graph\":[{\"@type\":\"WebPage\",\"@id\":\"https:\\\/\\\/shop.akumaye.org\\\/product\\\/bamboo-ngombi-harp\\\/\",\"url\":\"https:\\\/\\\/shop.akumaye.org\\\/product\\\/bamboo-ngombi-harp\\\/\",\"name\":\"Bamboo Ngombi Harp - Akumay\u00ea Shop\",\"isPartOf\":{\"@id\":\"https:\\\/\\\/shop.akumaye.org\\\/#website\"},\"primaryImageOfPage\":{\"@id\":\"https:\\\/\\\/shop.akumaye.org\\\/product\\\/bamboo-ngombi-harp\\\/#primaryimage\"},\"image\":{\"@id\":\"https:\\\/\\\/shop.akumaye.org\\\/product\\\/bamboo-ngombi-harp\\\/#primaryimage\"},\"thumbnailUrl\":\"https:\\\/\\\/shop.akumaye.org\\\/wp-content\\\/uploads\\\/2025\\\/08\\\/harfe-handgemachte-musik_akumaye_10-1.jpeg\",\"datePublished\":\"2025-08-10T03:28:18+00:00\",\"dateModified\":\"2025-10-30T13:51:16+00:00\",\"breadcrumb\":{\"@id\":\"https:\\\/\\\/shop.akumaye.org\\\/product\\\/bamboo-ngombi-harp\\\/#breadcrumb\"},\"inLanguage\":\"de-CH\",\"potentialAction\":[{\"@type\":\"ReadAction\",\"target\":[\"https:\\\/\\\/shop.akumaye.org\\\/product\\\/bamboo-ngombi-harp\\\/\"]}]},{\"@type\":\"ImageObject\",\"inLanguage\":\"de-CH\",\"@id\":\"https:\\\/\\\/shop.akumaye.org\\\/product\\\/bamboo-ngombi-harp\\\/#primaryimage\",\"url\":\"https:\\\/\\\/shop.akumaye.org\\\/wp-content\\\/uploads\\\/2025\\\/08\\\/harfe-handgemachte-musik_akumaye_10-1.jpeg\",\"contentUrl\":\"https:\\\/\\\/shop.akumaye.org\\\/wp-content\\\/uploads\\\/2025\\\/08\\\/harfe-handgemachte-musik_akumaye_10-1.jpeg\",\"width\":1440,\"height\":1920},{\"@type\":\"BreadcrumbList\",\"@id\":\"https:\\\/\\\/shop.akumaye.org\\\/product\\\/bamboo-ngombi-harp\\\/#breadcrumb\",\"itemListElement\":[{\"@type\":\"ListItem\",\"position\":1,\"name\":\"Home\",\"item\":\"https:\\\/\\\/shop.akumaye.org\\\/\"},{\"@type\":\"ListItem\",\"position\":2,\"name\":\"Shop\",\"item\":\"https:\\\/\\\/shop.akumaye.org\\\/shop\\\/\"},{\"@type\":\"ListItem\",\"position\":3,\"name\":\"Bamboo Ngombi Harp\"}]},{\"@type\":\"WebSite\",\"@id\":\"https:\\\/\\\/shop.akumaye.org\\\/#website\",\"url\":\"https:\\\/\\\/shop.akumaye.org\\\/\",\"name\":\"Akumay\u00ea Shop\",\"description\":\"Medicine of care, art of encounter\",\"publisher\":{\"@id\":\"https:\\\/\\\/shop.akumaye.org\\\/#organization\"},\"potentialAction\":[{\"@type\":\"SearchAction\",\"target\":{\"@type\":\"EntryPoint\",\"urlTemplate\":\"https:\\\/\\\/shop.akumaye.org\\\/?s={search_term_string}\"},\"query-input\":{\"@type\":\"PropertyValueSpecification\",\"valueRequired\":true,\"valueName\":\"search_term_string\"}}],\"inLanguage\":\"de-CH\"},{\"@type\":\"Organization\",\"@id\":\"https:\\\/\\\/shop.akumaye.org\\\/#organization\",\"name\":\"Akumay\u00ea\",\"url\":\"https:\\\/\\\/shop.akumaye.org\\\/\",\"logo\":{\"@type\":\"ImageObject\",\"inLanguage\":\"de-CH\",\"@id\":\"https:\\\/\\\/shop.akumaye.org\\\/#\\\/schema\\\/logo\\\/image\\\/\",\"url\":\"https:\\\/\\\/shop.akumaye.org\\\/wp-content\\\/uploads\\\/2025\\\/07\\\/Akumaye-2.png\",\"contentUrl\":\"https:\\\/\\\/shop.akumaye.org\\\/wp-content\\\/uploads\\\/2025\\\/07\\\/Akumaye-2.png\",\"width\":351,\"height\":116,\"caption\":\"Akumay\u00ea\"},\"image\":{\"@id\":\"https:\\\/\\\/shop.akumaye.org\\\/#\\\/schema\\\/logo\\\/image\\\/\"},\"sameAs\":[\"https:\\\/\\\/instagram.com\\\/corpo.akumaye\"],\"description\":\"Akumay\u00ea is a multi-artistic research project that explores somatic healing, ancestral knowledge, and the expansion of consciousness through artistic and spiritual expression. Composed of professionals in the arts and therapies, the collective holds concerts, rituals, presentations, and experiential retreats, connecting people to new transformative experiences.\",\"email\":\"contact@akumaye.org\"}]}<\/script>\n<!-- \/ Yoast SEO Premium plugin. -->","yoast_head_json":{"title":"Bambus-Ngombi-Harfe - Akumay\u00ea Shop","robots":{"index":"index","follow":"follow","max-snippet":"max-snippet:-1","max-image-preview":"max-image-preview:large","max-video-preview":"max-video-preview:-1"},"canonical":"https:\/\/shop.akumaye.org\/de\/product\/bamboo-ngombi-harp\/","og_locale":"de_DE","og_type":"article","og_title":"Bamboo Ngombi Harp","og_description":"Handcrafted harp, gentle sound and unique craftsmanship for moments of inspiration and connection.","og_url":"https:\/\/shop.akumaye.org\/de\/product\/bamboo-ngombi-harp\/","og_site_name":"Akumay\u00ea Shop","article_modified_time":"2025-10-30T13:51:16+00:00","og_image":[{"width":1440,"height":1920,"url":"https:\/\/shop.akumaye.org\/wp-content\/uploads\/2025\/08\/harfe-handgemachte-musik_akumaye_10-1.jpeg","type":"image\/jpeg"}],"schema":{"@context":"https:\/\/schema.org","@graph":[{"@type":"WebPage","@id":"https:\/\/shop.akumaye.org\/product\/bamboo-ngombi-harp\/","url":"https:\/\/shop.akumaye.org\/product\/bamboo-ngombi-harp\/","name":"Bambus-Ngombi-Harfe - Akumay\u00ea Shop","isPartOf":{"@id":"https:\/\/shop.akumaye.org\/#website"},"primaryImageOfPage":{"@id":"https:\/\/shop.akumaye.org\/product\/bamboo-ngombi-harp\/#primaryimage"},"image":{"@id":"https:\/\/shop.akumaye.org\/product\/bamboo-ngombi-harp\/#primaryimage"},"thumbnailUrl":"https:\/\/shop.akumaye.org\/wp-content\/uploads\/2025\/08\/harfe-handgemachte-musik_akumaye_10-1.jpeg","datePublished":"2025-08-10T03:28:18+00:00","dateModified":"2025-10-30T13:51:16+00:00","breadcrumb":{"@id":"https:\/\/shop.akumaye.org\/product\/bamboo-ngombi-harp\/#breadcrumb"},"inLanguage":"de-CH","potentialAction":[{"@type":"ReadAction","target":["https:\/\/shop.akumaye.org\/product\/bamboo-ngombi-harp\/"]}]},{"@type":"ImageObject","inLanguage":"de-CH","@id":"https:\/\/shop.akumaye.org\/product\/bamboo-ngombi-harp\/#primaryimage","url":"https:\/\/shop.akumaye.org\/wp-content\/uploads\/2025\/08\/harfe-handgemachte-musik_akumaye_10-1.jpeg","contentUrl":"https:\/\/shop.akumaye.org\/wp-content\/uploads\/2025\/08\/harfe-handgemachte-musik_akumaye_10-1.jpeg","width":1440,"height":1920},{"@type":"BreadcrumbList","@id":"https:\/\/shop.akumaye.org\/product\/bamboo-ngombi-harp\/#breadcrumb","itemListElement":[{"@type":"ListItem","position":1,"name":"Home","item":"https:\/\/shop.akumaye.org\/"},{"@type":"ListItem","position":2,"name":"Shop","item":"https:\/\/shop.akumaye.org\/shop\/"},{"@type":"ListItem","position":3,"name":"Bamboo Ngombi Harp"}]},{"@type":"WebSite","@id":"https:\/\/shop.akumaye.org\/#website","url":"https:\/\/shop.akumaye.org\/","name":"Akumay\u00ea Shop","description":"Medizin der F\u00fcrsorge, Kunst der Begegnung","publisher":{"@id":"https:\/\/shop.akumaye.org\/#organization"},"potentialAction":[{"@type":"SearchAction","target":{"@type":"EntryPoint","urlTemplate":"https:\/\/shop.akumaye.org\/?s={search_term_string}"},"query-input":{"@type":"PropertyValueSpecification","valueRequired":true,"valueName":"search_term_string"}}],"inLanguage":"de-CH"},{"@type":"Organization","@id":"https:\/\/shop.akumaye.org\/#organization","name":"Akumay\u00ea","url":"https:\/\/shop.akumaye.org\/","logo":{"@type":"ImageObject","inLanguage":"de-CH","@id":"https:\/\/shop.akumaye.org\/#\/schema\/logo\/image\/","url":"https:\/\/shop.akumaye.org\/wp-content\/uploads\/2025\/07\/Akumaye-2.png","contentUrl":"https:\/\/shop.akumaye.org\/wp-content\/uploads\/2025\/07\/Akumaye-2.png","width":351,"height":116,"caption":"Akumay\u00ea"},"image":{"@id":"https:\/\/shop.akumaye.org\/#\/schema\/logo\/image\/"},"sameAs":["https:\/\/instagram.com\/corpo.akumaye"],"description":"Akumay\u00ea ist ein multiartistisches Forschungsprojekt, das sich mit somatischer Heilung, \u00fcberliefertem Wissen und der Bewusstseinserweiterung durch k\u00fcnstlerischen und spirituellen Ausdruck besch\u00e4ftigt. Das Kollektiv besteht aus K\u00fcnstlerInnen und TherapeutInnen und veranstaltet Konzerte, Rituale, Pr\u00e4sentationen und Erlebnis-Retreats, um Menschen neue, transformative Erfahrungen zu erm\u00f6glichen.","email":"contact@akumaye.org"}]}},"_links":{"self":[{"href":"https:\/\/shop.akumaye.org\/de\/wp-json\/wp\/v2\/product\/684","targetHints":{"allow":["GET"]}}],"collection":[{"href":"https:\/\/shop.akumaye.org\/de\/wp-json\/wp\/v2\/product"}],"about":[{"href":"https:\/\/shop.akumaye.org\/de\/wp-json\/wp\/v2\/types\/product"}],"replies":[{"embeddable":true,"href":"https:\/\/shop.akumaye.org\/de\/wp-json\/wp\/v2\/comments?post=684"}],"wp:featuredmedia":[{"embeddable":true,"href":"https:\/\/shop.akumaye.org\/de\/wp-json\/wp\/v2\/media\/687"}],"wp:attachment":[{"href":"https:\/\/shop.akumaye.org\/de\/wp-json\/wp\/v2\/media?parent=684"}],"wp:term":[{"taxonomy":"product_brand","embeddable":true,"href":"https:\/\/shop.akumaye.org\/de\/wp-json\/wp\/v2\/product_brand?post=684"},{"taxonomy":"product_cat","embeddable":true,"href":"https:\/\/shop.akumaye.org\/de\/wp-json\/wp\/v2\/product_cat?post=684"},{"taxonomy":"product_tag","embeddable":true,"href":"https:\/\/shop.akumaye.org\/de\/wp-json\/wp\/v2\/product_tag?post=684"}],"curies":[{"name":"wp","href":"https:\/\/api.w.org\/{rel}","templated":true}]}}