{"id":46,"date":"2024-11-08T22:30:52","date_gmt":"2024-11-09T01:30:52","guid":{"rendered":"https:\/\/wpbasewoo.capaoweb.com.br\/carrinho\/"},"modified":"2025-09-26T08:05:35","modified_gmt":"2025-09-26T06:05:35","slug":"cart-2","status":"publish","type":"page","link":"https:\/\/shop.akumaye.org\/fr\/cart-2\/","title":{"rendered":"Cart"},"content":{"rendered":"<div data-block-name=\"woocommerce\/cart\" class=\"wp-block-woocommerce-cart alignwide is-loading\">\n<div data-block-name=\"woocommerce\/filled-cart-block\" class=\"wp-block-woocommerce-filled-cart-block\">\n<div data-block-name=\"woocommerce\/cart-items-block\" class=\"wp-block-woocommerce-cart-items-block\">\n<div data-block-name=\"woocommerce\/cart-line-items-block\" class=\"wp-block-woocommerce-cart-line-items-block\"><\/div>\n\n\n\n<div data-block-name=\"woocommerce\/cart-cross-sells-block\" class=\"wp-block-woocommerce-cart-cross-sells-block\">\n<h2 class=\"wp-block-heading has-large-font-size\">Cela pourrait vous int\u00e9resser\u2026<\/h2>\n\n\n\n<div data-block-name=\"woocommerce\/cart-cross-sells-products-block\" class=\"wp-block-woocommerce-cart-cross-sells-products-block\"><\/div>\n<\/div>\n<\/div>\n\n\n\n<div data-block-name=\"woocommerce\/cart-totals-block\" class=\"wp-block-woocommerce-cart-totals-block\">\n<div data-block-name=\"woocommerce\/cart-order-summary-block\" class=\"wp-block-woocommerce-cart-order-summary-block\">\n<div data-block-name=\"woocommerce\/cart-order-summary-heading-block\" class=\"wp-block-woocommerce-cart-order-summary-heading-block\"><\/div><div data-block-name=\"woocommerce\/cart-order-summary-coupon-form-block\" class=\"wp-block-woocommerce-cart-order-summary-coupon-form-block\"><\/div><div data-block-name=\"woocommerce\/cart-order-summary-totals-block\" class=\"wp-block-woocommerce-cart-order-summary-totals-block\">\n<div data-block-name=\"woocommerce\/cart-order-summary-subtotal-block\" class=\"wp-block-woocommerce-cart-order-summary-subtotal-block\"><\/div>\n<div data-block-name=\"woocommerce\/cart-order-summary-discount-block\" class=\"wp-block-woocommerce-cart-order-summary-discount-block\"><\/div>\n<div data-block-name=\"woocommerce\/cart-order-summary-fee-block\" class=\"wp-block-woocommerce-cart-order-summary-fee-block\"><\/div>\n<div data-block-name=\"woocommerce\/cart-order-summary-shipping-block\" class=\"wp-block-woocommerce-cart-order-summary-shipping-block\"><\/div>\n<div data-block-name=\"woocommerce\/cart-order-summary-taxes-block\" class=\"wp-block-woocommerce-cart-order-summary-taxes-block\"><\/div><\/div>\n<\/div>\n\n\n\n<div data-block-name=\"woocommerce\/cart-express-payment-block\" class=\"wp-block-woocommerce-cart-express-payment-block\"><\/div>\n\n\n\n<div data-block-name=\"woocommerce\/proceed-to-checkout-block\" class=\"wp-block-woocommerce-proceed-to-checkout-block\"><\/div>\n\n\n\n<div data-block-name=\"woocommerce\/cart-accepted-payment-methods-block\" class=\"wp-block-woocommerce-cart-accepted-payment-methods-block\"><\/div>\n<\/div>\n<\/div>\n\n\n\n<div data-block-name=\"woocommerce\/empty-cart-block\" class=\"wp-block-woocommerce-empty-cart-block\">\n<h2 class=\"wp-block-heading has-text-align-center with-empty-cart-icon wc-block-cart__empty-cart__title\">Votre Carrinho est vazio \u00e0 ce moment-l\u00e0\u00a0!<\/h2>\n\n\n\n<hr class=\"wp-block-separator has-alpha-channel-opacity is-style-dots\"\/>\n\n\n\n<h2 class=\"wp-block-heading has-text-align-center\">Novo na loja<\/h2>\n\n\n<div data-block-name=\"woocommerce\/product-new\" data-columns=\"4\" data-rows=\"1\" class=\"wc-block-grid wp-block-product-new wp-block-woocommerce-product-new wc-block-product-new has-4-columns\"><ul class=\"wc-block-grid__products\"><li class=\"wc-block-grid__product\">\n\t\t\t\t<a href=\"https:\/\/shop.akumaye.org\/fr\/product\/brazilian-caxixi-green-color\/\" class=\"wc-block-grid__product-link\">\n\t\t\t\t\t\n\t\t\t\t\t<div class=\"wc-block-grid__product-image\"><img fetchpriority=\"high\" decoding=\"async\" width=\"300\" height=\"300\" src=\"https:\/\/shop.akumaye.org\/wp-content\/uploads\/2025\/08\/handgemachtes-caxixi_akumaye_4-300x300.jpeg\" class=\"attachment-woocommerce_thumbnail size-woocommerce_thumbnail\" alt=\"Caxixi br\u00e9silien - Couleur verte\" srcset=\"https:\/\/shop.akumaye.org\/wp-content\/uploads\/2025\/08\/handgemachtes-caxixi_akumaye_4-300x300.jpeg 300w, https:\/\/shop.akumaye.org\/wp-content\/uploads\/2025\/08\/handgemachtes-caxixi_akumaye_4-150x150.jpeg 150w, https:\/\/shop.akumaye.org\/wp-content\/uploads\/2025\/08\/handgemachtes-caxixi_akumaye_4-700x700.jpeg 700w\" sizes=\"(max-width: 300px) 100vw, 300px\" \/><\/div>\n\t\t\t\t\t<div class=\"wc-block-grid__product-title\">Caxixi br\u00e9silien \u2013 Couleur verte<\/div>\n\t\t\t\t<\/a>\n\t\t\t\t<div class=\"wc-block-grid__product-price price\"><span class=\"woocommerce-Price-amount amount\"><span class=\"woocommerce-Price-currencySymbol\">&#067;&#072;&#070;<\/span>25,00<\/span><\/div>\n\t\t\t\t\n\t\t\t\t<div class=\"wp-block-button wc-block-grid__product-add-to-cart\"><a href=\"\/fr\/wp-json\/wp\/v2\/pages\/46?add-to-cart=1146\" aria-label=\"Ajouter au panier : \u201cCaxixi Br\u00e9silien - Couleur Verte\u201d\" data-quantity=\"1\" data-product_id=\"1146\" data-product_sku=\"mus001-1\" data-price=\"25\" rel=\"nofollow\" class=\"wp-block-button__link  add_to_cart_button ajax_add_to_cart\">Ajouter au panier<\/a><\/div>\n\t\t\t<\/li><li class=\"wc-block-grid__product\">\n\t\t\t\t<a href=\"https:\/\/shop.akumaye.org\/fr\/product\/book-the-deva-of-terra-preta\/\" class=\"wc-block-grid__product-link\">\n\t\t\t\t\t\n\t\t\t\t\t<div class=\"wc-block-grid__product-image\"><img decoding=\"async\" width=\"300\" height=\"300\" src=\"https:\/\/shop.akumaye.org\/wp-content\/uploads\/2025\/09\/Die-Deva-der-Terra-Preta_Shop-Akumaye-300x300.jpg\" class=\"attachment-woocommerce_thumbnail size-woocommerce_thumbnail\" alt=\"Livre Die Deva der Terra Preta - Boutique Akumaye\" srcset=\"https:\/\/shop.akumaye.org\/wp-content\/uploads\/2025\/09\/Die-Deva-der-Terra-Preta_Shop-Akumaye-300x300.jpg 300w, https:\/\/shop.akumaye.org\/wp-content\/uploads\/2025\/09\/Die-Deva-der-Terra-Preta_Shop-Akumaye-150x150.jpg 150w, https:\/\/shop.akumaye.org\/wp-content\/uploads\/2025\/09\/Die-Deva-der-Terra-Preta_Shop-Akumaye-700x700.jpg 700w\" sizes=\"(max-width: 300px) 100vw, 300px\" \/><\/div>\n\t\t\t\t\t<div class=\"wc-block-grid__product-title\">Livre \u2013 Le Deva de Terra Preta<\/div>\n\t\t\t\t<\/a>\n\t\t\t\t<div class=\"wc-block-grid__product-price price\"><span class=\"woocommerce-Price-amount amount\"><span class=\"woocommerce-Price-currencySymbol\">&#067;&#072;&#070;<\/span>55,00<\/span><\/div>\n\t\t\t\t\n\t\t\t\t<div class=\"wp-block-button wc-block-grid__product-add-to-cart\"><a href=\"\/fr\/wp-json\/wp\/v2\/pages\/46?add-to-cart=1115\" aria-label=\"Ajouter au panier : \u00ab Livre - Le Deva de Terra Preta \u00bb\" data-quantity=\"1\" data-product_id=\"1115\" data-product_sku=\"book002\" data-price=\"55\" rel=\"nofollow\" class=\"wp-block-button__link  add_to_cart_button ajax_add_to_cart\">Ajouter au panier<\/a><\/div>\n\t\t\t<\/li><li class=\"wc-block-grid__product\">\n\t\t\t\t<a href=\"https:\/\/shop.akumaye.org\/fr\/product\/book-welcome-how-wonderful-that-youre-here\/\" class=\"wc-block-grid__product-link\">\n\t\t\t\t\t\n\t\t\t\t\t<div class=\"wc-block-grid__product-image\"><img decoding=\"async\" width=\"300\" height=\"300\" src=\"https:\/\/shop.akumaye.org\/wp-content\/uploads\/2025\/09\/Buchlein-00_Shop-Akumaye-300x300.jpg\" class=\"attachment-woocommerce_thumbnail size-woocommerce_thumbnail\" alt=\"Livre - Bienvenue \u2013 c&#039;est merveilleux que vous soyez ici !\" srcset=\"https:\/\/shop.akumaye.org\/wp-content\/uploads\/2025\/09\/Buchlein-00_Shop-Akumaye-300x300.jpg 300w, https:\/\/shop.akumaye.org\/wp-content\/uploads\/2025\/09\/Buchlein-00_Shop-Akumaye-150x150.jpg 150w, https:\/\/shop.akumaye.org\/wp-content\/uploads\/2025\/09\/Buchlein-00_Shop-Akumaye-11x12.jpg 11w, https:\/\/shop.akumaye.org\/wp-content\/uploads\/2025\/09\/Buchlein-00_Shop-Akumaye-700x700.jpg 700w\" sizes=\"(max-width: 300px) 100vw, 300px\" \/><\/div>\n\t\t\t\t\t<div class=\"wc-block-grid__product-title\">Bienvenue sur Book ! Quel plaisir de vous accueillir !<\/div>\n\t\t\t\t<\/a>\n\t\t\t\t<div class=\"wc-block-grid__product-price price\"><span class=\"woocommerce-Price-amount amount\"><span class=\"woocommerce-Price-currencySymbol\">&#067;&#072;&#070;<\/span>20,00<\/span><\/div>\n\t\t\t\t\n\t\t\t\t<div class=\"wp-block-button wc-block-grid__product-add-to-cart\"><a href=\"https:\/\/shop.akumaye.org\/fr\/product\/book-welcome-how-wonderful-that-youre-here\/\" aria-label=\"En savoir plus sur \u201c Book Welcome \u2013 How wonderful that you&#039;re here! \u201d\" data-quantity=\"1\" data-product_id=\"1111\" data-product_sku=\"book001\" data-price=\"20\" rel=\"nofollow\" class=\"wp-block-button__link  add_to_cart_button\">Lire la suite<\/a><\/div>\n\t\t\t<\/li><li class=\"wc-block-grid__product\">\n\t\t\t\t<a href=\"https:\/\/shop.akumaye.org\/fr\/product\/bamboo-ngombi-harp\/\" class=\"wc-block-grid__product-link\">\n\t\t\t\t\t\n\t\t\t\t\t<div class=\"wc-block-grid__product-image\"><img loading=\"lazy\" decoding=\"async\" width=\"300\" height=\"300\" src=\"https:\/\/shop.akumaye.org\/wp-content\/uploads\/2025\/08\/harfe-handgemachte-musik_akumaye_10-1-300x300.jpeg\" class=\"attachment-woocommerce_thumbnail size-woocommerce_thumbnail\" alt=\"Harpe Ngombi en bambou\" srcset=\"https:\/\/shop.akumaye.org\/wp-content\/uploads\/2025\/08\/harfe-handgemachte-musik_akumaye_10-1-300x300.jpeg 300w, https:\/\/shop.akumaye.org\/wp-content\/uploads\/2025\/08\/harfe-handgemachte-musik_akumaye_10-1-150x150.jpeg 150w, https:\/\/shop.akumaye.org\/wp-content\/uploads\/2025\/08\/harfe-handgemachte-musik_akumaye_10-1-700x700.jpeg 700w\" sizes=\"(max-width: 300px) 100vw, 300px\" \/><\/div>\n\t\t\t\t\t<div class=\"wc-block-grid__product-title\">Harpe Ngombi en bambou<\/div>\n\t\t\t\t<\/a>\n\t\t\t\t<div class=\"wc-block-grid__product-price price\"><span class=\"woocommerce-Price-amount amount\"><span class=\"woocommerce-Price-currencySymbol\">&#067;&#072;&#070;<\/span>300,00<\/span><\/div>\n\t\t\t\t\n\t\t\t\t<div class=\"wp-block-button wc-block-grid__product-add-to-cart\"><a href=\"\/fr\/wp-json\/wp\/v2\/pages\/46?add-to-cart=684\" aria-label=\"Ajouter au panier : \u00ab Harpe Ngombi en Bambou \u00bb\" data-quantity=\"1\" data-product_id=\"684\" data-product_sku=\"mus004\" data-price=\"300\" rel=\"nofollow\" class=\"wp-block-button__link  add_to_cart_button ajax_add_to_cart\">Ajouter au panier<\/a><\/div>\n\t\t\t<\/li><\/ul><\/div><\/div>\n<\/div>","protected":false},"excerpt":{"rendered":"","protected":false},"author":1,"featured_media":0,"parent":0,"menu_order":0,"comment_status":"closed","ping_status":"closed","template":"","meta":{"footnotes":""},"class_list":["post-46","page","type-page","status-publish","hentry"],"yoast_head":"<!-- This site is optimized with the Yoast SEO Premium plugin v22.6 (Yoast SEO v27.4) - https:\/\/yoast.com\/product\/yoast-seo-premium-wordpress\/ -->\n<title>Cart - Akumay\u00ea Shop<\/title>\n<meta name=\"description\" content=\"Ceremonial cacao, rap\u00e9, and artifacts created by hands that live with the land. A curation of natural knowledge and medicines, connecting Brazil and Switzerland with respect and intention.\" \/>\n<meta name=\"robots\" content=\"noindex, follow\" \/>\n<meta property=\"og:locale\" content=\"fr_FR\" \/>\n<meta property=\"og:type\" content=\"article\" \/>\n<meta property=\"og:title\" content=\"Cart | Akumay\u00ea Shop\" \/>\n<meta property=\"og:description\" content=\"Ceremonial cacao, rap\u00e9, and artifacts created by hands that live with the land. A curation of natural knowledge and medicines, connecting Brazil and Switzerland with respect and intention.\" \/>\n<meta property=\"og:url\" content=\"https:\/\/shop.akumaye.org\/fr\/cart-2\/\" \/>\n<meta property=\"og:site_name\" content=\"Akumay\u00ea Shop\" \/>\n<meta property=\"article:modified_time\" content=\"2025-09-26T06:05:35+00:00\" \/>\n<meta property=\"og:image\" content=\"https:\/\/shop.akumaye.org\/wp-content\/uploads\/2025\/08\/Akumaye-shop_cacau_27.18-1.jpeg\" \/>\n\t<meta property=\"og:image:width\" content=\"1598\" \/>\n\t<meta property=\"og:image:height\" content=\"1920\" \/>\n\t<meta property=\"og:image:type\" content=\"image\/jpeg\" \/>\n<script type=\"application\/ld+json\" class=\"yoast-schema-graph\">{\"@context\":\"https:\\\/\\\/schema.org\",\"@graph\":[{\"@type\":\"WebPage\",\"@id\":\"https:\\\/\\\/shop.akumaye.org\\\/cart-2\\\/\",\"url\":\"https:\\\/\\\/shop.akumaye.org\\\/cart-2\\\/\",\"name\":\"Cart - Akumay\u00ea Shop\",\"isPartOf\":{\"@id\":\"https:\\\/\\\/shop.akumaye.org\\\/#website\"},\"datePublished\":\"2024-11-09T01:30:52+00:00\",\"dateModified\":\"2025-09-26T06:05:35+00:00\",\"description\":\"Ceremonial cacao, rap\u00e9, and artifacts created by hands that live with the land. A curation of natural knowledge and medicines, connecting Brazil and Switzerland with respect and intention.\",\"breadcrumb\":{\"@id\":\"https:\\\/\\\/shop.akumaye.org\\\/cart-2\\\/#breadcrumb\"},\"inLanguage\":\"fr-FR\",\"potentialAction\":[{\"@type\":\"ReadAction\",\"target\":[\"https:\\\/\\\/shop.akumaye.org\\\/cart-2\\\/\"]}]},{\"@type\":\"BreadcrumbList\",\"@id\":\"https:\\\/\\\/shop.akumaye.org\\\/cart-2\\\/#breadcrumb\",\"itemListElement\":[{\"@type\":\"ListItem\",\"position\":1,\"name\":\"Home\",\"item\":\"https:\\\/\\\/shop.akumaye.org\\\/\"},{\"@type\":\"ListItem\",\"position\":2,\"name\":\"Cart\"}]},{\"@type\":\"WebSite\",\"@id\":\"https:\\\/\\\/shop.akumaye.org\\\/#website\",\"url\":\"https:\\\/\\\/shop.akumaye.org\\\/\",\"name\":\"Akumay\u00ea Shop\",\"description\":\"Medicine of care, art of encounter\",\"publisher\":{\"@id\":\"https:\\\/\\\/shop.akumaye.org\\\/#organization\"},\"potentialAction\":[{\"@type\":\"SearchAction\",\"target\":{\"@type\":\"EntryPoint\",\"urlTemplate\":\"https:\\\/\\\/shop.akumaye.org\\\/?s={search_term_string}\"},\"query-input\":{\"@type\":\"PropertyValueSpecification\",\"valueRequired\":true,\"valueName\":\"search_term_string\"}}],\"inLanguage\":\"fr-FR\"},{\"@type\":\"Organization\",\"@id\":\"https:\\\/\\\/shop.akumaye.org\\\/#organization\",\"name\":\"Akumay\u00ea\",\"url\":\"https:\\\/\\\/shop.akumaye.org\\\/\",\"logo\":{\"@type\":\"ImageObject\",\"inLanguage\":\"fr-FR\",\"@id\":\"https:\\\/\\\/shop.akumaye.org\\\/#\\\/schema\\\/logo\\\/image\\\/\",\"url\":\"https:\\\/\\\/shop.akumaye.org\\\/wp-content\\\/uploads\\\/2025\\\/07\\\/Akumaye-2.png\",\"contentUrl\":\"https:\\\/\\\/shop.akumaye.org\\\/wp-content\\\/uploads\\\/2025\\\/07\\\/Akumaye-2.png\",\"width\":351,\"height\":116,\"caption\":\"Akumay\u00ea\"},\"image\":{\"@id\":\"https:\\\/\\\/shop.akumaye.org\\\/#\\\/schema\\\/logo\\\/image\\\/\"},\"sameAs\":[\"https:\\\/\\\/instagram.com\\\/corpo.akumaye\"],\"description\":\"Akumay\u00ea is a multi-artistic research project that explores somatic healing, ancestral knowledge, and the expansion of consciousness through artistic and spiritual expression. Composed of professionals in the arts and therapies, the collective holds concerts, rituals, presentations, and experiential retreats, connecting people to new transformative experiences.\",\"email\":\"contact@akumaye.org\"}]}<\/script>\n<!-- \/ Yoast SEO Premium plugin. -->","yoast_head_json":{"title":"Panier - Boutique Akumay\u00ea","description":"Cacao, rap\u00e9 et objets c\u00e9r\u00e9moniels cr\u00e9\u00e9s par des mains qui vivent avec la terre. Une collection de savoir-faire et de m\u00e9decines naturelles, reliant le Br\u00e9sil et la Suisse avec respect et intention.","robots":{"index":"noindex","follow":"follow"},"og_locale":"fr_FR","og_type":"article","og_title":"Cart | Akumay\u00ea Shop","og_description":"Ceremonial cacao, rap\u00e9, and artifacts created by hands that live with the land. A curation of natural knowledge and medicines, connecting Brazil and Switzerland with respect and intention.","og_url":"https:\/\/shop.akumaye.org\/fr\/cart-2\/","og_site_name":"Akumay\u00ea Shop","article_modified_time":"2025-09-26T06:05:35+00:00","og_image":[{"width":1598,"height":1920,"url":"https:\/\/shop.akumaye.org\/wp-content\/uploads\/2025\/08\/Akumaye-shop_cacau_27.18-1.jpeg","type":"image\/jpeg"}],"schema":{"@context":"https:\/\/schema.org","@graph":[{"@type":"WebPage","@id":"https:\/\/shop.akumaye.org\/cart-2\/","url":"https:\/\/shop.akumaye.org\/cart-2\/","name":"Panier - Boutique Akumay\u00ea","isPartOf":{"@id":"https:\/\/shop.akumaye.org\/#website"},"datePublished":"2024-11-09T01:30:52+00:00","dateModified":"2025-09-26T06:05:35+00:00","description":"Cacao, rap\u00e9 et objets c\u00e9r\u00e9moniels cr\u00e9\u00e9s par des mains qui vivent avec la terre. Une collection de savoir-faire et de m\u00e9decines naturelles, reliant le Br\u00e9sil et la Suisse avec respect et intention.","breadcrumb":{"@id":"https:\/\/shop.akumaye.org\/cart-2\/#breadcrumb"},"inLanguage":"fr-FR","potentialAction":[{"@type":"ReadAction","target":["https:\/\/shop.akumaye.org\/cart-2\/"]}]},{"@type":"BreadcrumbList","@id":"https:\/\/shop.akumaye.org\/cart-2\/#breadcrumb","itemListElement":[{"@type":"ListItem","position":1,"name":"Home","item":"https:\/\/shop.akumaye.org\/"},{"@type":"ListItem","position":2,"name":"Cart"}]},{"@type":"WebSite","@id":"https:\/\/shop.akumaye.org\/#website","url":"https:\/\/shop.akumaye.org\/","name":"Boutique Akumay\u00ea","description":"M\u00e9decine du soin, art de la rencontre","publisher":{"@id":"https:\/\/shop.akumaye.org\/#organization"},"potentialAction":[{"@type":"SearchAction","target":{"@type":"EntryPoint","urlTemplate":"https:\/\/shop.akumaye.org\/?s={search_term_string}"},"query-input":{"@type":"PropertyValueSpecification","valueRequired":true,"valueName":"search_term_string"}}],"inLanguage":"fr-FR"},{"@type":"Organization","@id":"https:\/\/shop.akumaye.org\/#organization","name":"Akumay\u00ea","url":"https:\/\/shop.akumaye.org\/","logo":{"@type":"ImageObject","inLanguage":"fr-FR","@id":"https:\/\/shop.akumaye.org\/#\/schema\/logo\/image\/","url":"https:\/\/shop.akumaye.org\/wp-content\/uploads\/2025\/07\/Akumaye-2.png","contentUrl":"https:\/\/shop.akumaye.org\/wp-content\/uploads\/2025\/07\/Akumaye-2.png","width":351,"height":116,"caption":"Akumay\u00ea"},"image":{"@id":"https:\/\/shop.akumaye.org\/#\/schema\/logo\/image\/"},"sameAs":["https:\/\/instagram.com\/corpo.akumaye"],"description":"Akumay\u00ea est un projet de recherche multi-artistique qui explore la gu\u00e9rison somatique, les savoirs ancestraux et l&#039;expansion de la conscience par l&#039;expression artistique et spirituelle. Compos\u00e9 de professionnels des arts et des th\u00e9rapies, le collectif organise des concerts, des rituels, des pr\u00e9sentations et des retraites exp\u00e9rientielles, permettant ainsi aux participants de vivre de nouvelles exp\u00e9riences transformatrices.","email":"contact@akumaye.org"}]}},"_links":{"self":[{"href":"https:\/\/shop.akumaye.org\/fr\/wp-json\/wp\/v2\/pages\/46","targetHints":{"allow":["GET"]}}],"collection":[{"href":"https:\/\/shop.akumaye.org\/fr\/wp-json\/wp\/v2\/pages"}],"about":[{"href":"https:\/\/shop.akumaye.org\/fr\/wp-json\/wp\/v2\/types\/page"}],"author":[{"embeddable":true,"href":"https:\/\/shop.akumaye.org\/fr\/wp-json\/wp\/v2\/users\/1"}],"replies":[{"embeddable":true,"href":"https:\/\/shop.akumaye.org\/fr\/wp-json\/wp\/v2\/comments?post=46"}],"version-history":[{"count":2,"href":"https:\/\/shop.akumaye.org\/fr\/wp-json\/wp\/v2\/pages\/46\/revisions"}],"predecessor-version":[{"id":1099,"href":"https:\/\/shop.akumaye.org\/fr\/wp-json\/wp\/v2\/pages\/46\/revisions\/1099"}],"wp:attachment":[{"href":"https:\/\/shop.akumaye.org\/fr\/wp-json\/wp\/v2\/media?parent=46"}],"curies":[{"name":"wp","href":"https:\/\/api.w.org\/{rel}","templated":true}]}}