{"id":48,"date":"2024-11-08T22:30:52","date_gmt":"2024-11-09T01:30:52","guid":{"rendered":"https:\/\/wpbasewoo.capaoweb.com.br\/minha-conta\/"},"modified":"2025-09-26T07:12:50","modified_gmt":"2025-09-26T05:12:50","slug":"my-account","status":"publish","type":"page","link":"https:\/\/shop.akumaye.org\/fr\/my-account\/","title":{"rendered":"Mon compte"},"content":{"rendered":"<div class=\"woocommerce\"><\/div>","protected":false},"excerpt":{"rendered":"","protected":false},"author":1,"featured_media":0,"parent":0,"menu_order":0,"comment_status":"closed","ping_status":"closed","template":"","meta":{"footnotes":""},"class_list":["post-48","page","type-page","status-publish","hentry"],"yoast_head":"<!-- This site is optimized with the Yoast SEO Premium plugin v22.6 (Yoast SEO v27.4) - https:\/\/yoast.com\/product\/yoast-seo-premium-wordpress\/ -->\n<title>My Account - Akumay\u00ea Shop<\/title>\n<meta name=\"description\" content=\"Ceremonial cacao, rap\u00e9, and artifacts created by hands that live with the land. A curation of natural knowledge and medicines, connecting Brazil and Switzerland with respect and intention.\" \/>\n<meta name=\"robots\" content=\"noindex, follow\" \/>\n<meta property=\"og:locale\" content=\"fr_FR\" \/>\n<meta property=\"og:type\" content=\"article\" \/>\n<meta property=\"og:title\" content=\"My Account | Akumay\u00ea Shop\" \/>\n<meta property=\"og:description\" content=\"Ceremonial cacao, rap\u00e9, and artifacts created by hands that live with the land. A curation of natural knowledge and medicines, connecting Brazil and Switzerland with respect and intention.\" \/>\n<meta property=\"og:url\" content=\"https:\/\/shop.akumaye.org\/fr\/my-account\/\" \/>\n<meta property=\"og:site_name\" content=\"Akumay\u00ea Shop\" \/>\n<meta property=\"article:modified_time\" content=\"2025-09-26T05:12:50+00:00\" \/>\n<meta property=\"og:image\" content=\"https:\/\/shop.akumaye.org\/wp-content\/uploads\/2025\/08\/Akumaye-shop_cacau_27.18-1.jpeg\" \/>\n\t<meta property=\"og:image:width\" content=\"1598\" \/>\n\t<meta property=\"og:image:height\" content=\"1920\" \/>\n\t<meta property=\"og:image:type\" content=\"image\/jpeg\" \/>\n<script type=\"application\/ld+json\" class=\"yoast-schema-graph\">{\"@context\":\"https:\\\/\\\/schema.org\",\"@graph\":[{\"@type\":\"WebPage\",\"@id\":\"https:\\\/\\\/shop.akumaye.org\\\/my-account\\\/\",\"url\":\"https:\\\/\\\/shop.akumaye.org\\\/my-account\\\/\",\"name\":\"My Account - Akumay\u00ea Shop\",\"isPartOf\":{\"@id\":\"https:\\\/\\\/shop.akumaye.org\\\/#website\"},\"datePublished\":\"2024-11-09T01:30:52+00:00\",\"dateModified\":\"2025-09-26T05:12:50+00:00\",\"description\":\"Ceremonial cacao, rap\u00e9, and artifacts created by hands that live with the land. A curation of natural knowledge and medicines, connecting Brazil and Switzerland with respect and intention.\",\"breadcrumb\":{\"@id\":\"https:\\\/\\\/shop.akumaye.org\\\/my-account\\\/#breadcrumb\"},\"inLanguage\":\"fr-FR\",\"potentialAction\":[{\"@type\":\"ReadAction\",\"target\":[\"https:\\\/\\\/shop.akumaye.org\\\/my-account\\\/\"]}]},{\"@type\":\"BreadcrumbList\",\"@id\":\"https:\\\/\\\/shop.akumaye.org\\\/my-account\\\/#breadcrumb\",\"itemListElement\":[{\"@type\":\"ListItem\",\"position\":1,\"name\":\"Home\",\"item\":\"https:\\\/\\\/shop.akumaye.org\\\/\"},{\"@type\":\"ListItem\",\"position\":2,\"name\":\"My Account\"}]},{\"@type\":\"WebSite\",\"@id\":\"https:\\\/\\\/shop.akumaye.org\\\/#website\",\"url\":\"https:\\\/\\\/shop.akumaye.org\\\/\",\"name\":\"Akumay\u00ea Shop\",\"description\":\"Medicine of care, art of encounter\",\"publisher\":{\"@id\":\"https:\\\/\\\/shop.akumaye.org\\\/#organization\"},\"potentialAction\":[{\"@type\":\"SearchAction\",\"target\":{\"@type\":\"EntryPoint\",\"urlTemplate\":\"https:\\\/\\\/shop.akumaye.org\\\/?s={search_term_string}\"},\"query-input\":{\"@type\":\"PropertyValueSpecification\",\"valueRequired\":true,\"valueName\":\"search_term_string\"}}],\"inLanguage\":\"fr-FR\"},{\"@type\":\"Organization\",\"@id\":\"https:\\\/\\\/shop.akumaye.org\\\/#organization\",\"name\":\"Akumay\u00ea\",\"url\":\"https:\\\/\\\/shop.akumaye.org\\\/\",\"logo\":{\"@type\":\"ImageObject\",\"inLanguage\":\"fr-FR\",\"@id\":\"https:\\\/\\\/shop.akumaye.org\\\/#\\\/schema\\\/logo\\\/image\\\/\",\"url\":\"https:\\\/\\\/shop.akumaye.org\\\/wp-content\\\/uploads\\\/2025\\\/07\\\/Akumaye-2.png\",\"contentUrl\":\"https:\\\/\\\/shop.akumaye.org\\\/wp-content\\\/uploads\\\/2025\\\/07\\\/Akumaye-2.png\",\"width\":351,\"height\":116,\"caption\":\"Akumay\u00ea\"},\"image\":{\"@id\":\"https:\\\/\\\/shop.akumaye.org\\\/#\\\/schema\\\/logo\\\/image\\\/\"},\"sameAs\":[\"https:\\\/\\\/instagram.com\\\/corpo.akumaye\"],\"description\":\"Akumay\u00ea is a multi-artistic research project that explores somatic healing, ancestral knowledge, and the expansion of consciousness through artistic and spiritual expression. Composed of professionals in the arts and therapies, the collective holds concerts, rituals, presentations, and experiential retreats, connecting people to new transformative experiences.\",\"email\":\"contact@akumaye.org\"}]}<\/script>\n<!-- \/ Yoast SEO Premium plugin. -->","yoast_head_json":{"title":"Mon compte - Boutique Akumay\u00ea","description":"Cacao, rap\u00e9 et objets c\u00e9r\u00e9moniels cr\u00e9\u00e9s par des mains qui vivent avec la terre. Une collection de savoir-faire et de m\u00e9decines naturelles, reliant le Br\u00e9sil et la Suisse avec respect et intention.","robots":{"index":"noindex","follow":"follow"},"og_locale":"fr_FR","og_type":"article","og_title":"My Account | Akumay\u00ea Shop","og_description":"Ceremonial cacao, rap\u00e9, and artifacts created by hands that live with the land. A curation of natural knowledge and medicines, connecting Brazil and Switzerland with respect and intention.","og_url":"https:\/\/shop.akumaye.org\/fr\/my-account\/","og_site_name":"Akumay\u00ea Shop","article_modified_time":"2025-09-26T05:12:50+00:00","og_image":[{"width":1598,"height":1920,"url":"https:\/\/shop.akumaye.org\/wp-content\/uploads\/2025\/08\/Akumaye-shop_cacau_27.18-1.jpeg","type":"image\/jpeg"}],"schema":{"@context":"https:\/\/schema.org","@graph":[{"@type":"WebPage","@id":"https:\/\/shop.akumaye.org\/my-account\/","url":"https:\/\/shop.akumaye.org\/my-account\/","name":"Mon compte - Boutique Akumay\u00ea","isPartOf":{"@id":"https:\/\/shop.akumaye.org\/#website"},"datePublished":"2024-11-09T01:30:52+00:00","dateModified":"2025-09-26T05:12:50+00:00","description":"Cacao, rap\u00e9 et objets c\u00e9r\u00e9moniels cr\u00e9\u00e9s par des mains qui vivent avec la terre. Une collection de savoir-faire et de m\u00e9decines naturelles, reliant le Br\u00e9sil et la Suisse avec respect et intention.","breadcrumb":{"@id":"https:\/\/shop.akumaye.org\/my-account\/#breadcrumb"},"inLanguage":"fr-FR","potentialAction":[{"@type":"ReadAction","target":["https:\/\/shop.akumaye.org\/my-account\/"]}]},{"@type":"BreadcrumbList","@id":"https:\/\/shop.akumaye.org\/my-account\/#breadcrumb","itemListElement":[{"@type":"ListItem","position":1,"name":"Home","item":"https:\/\/shop.akumaye.org\/"},{"@type":"ListItem","position":2,"name":"My Account"}]},{"@type":"WebSite","@id":"https:\/\/shop.akumaye.org\/#website","url":"https:\/\/shop.akumaye.org\/","name":"Boutique Akumay\u00ea","description":"M\u00e9decine du soin, art de la rencontre","publisher":{"@id":"https:\/\/shop.akumaye.org\/#organization"},"potentialAction":[{"@type":"SearchAction","target":{"@type":"EntryPoint","urlTemplate":"https:\/\/shop.akumaye.org\/?s={search_term_string}"},"query-input":{"@type":"PropertyValueSpecification","valueRequired":true,"valueName":"search_term_string"}}],"inLanguage":"fr-FR"},{"@type":"Organization","@id":"https:\/\/shop.akumaye.org\/#organization","name":"Akumay\u00ea","url":"https:\/\/shop.akumaye.org\/","logo":{"@type":"ImageObject","inLanguage":"fr-FR","@id":"https:\/\/shop.akumaye.org\/#\/schema\/logo\/image\/","url":"https:\/\/shop.akumaye.org\/wp-content\/uploads\/2025\/07\/Akumaye-2.png","contentUrl":"https:\/\/shop.akumaye.org\/wp-content\/uploads\/2025\/07\/Akumaye-2.png","width":351,"height":116,"caption":"Akumay\u00ea"},"image":{"@id":"https:\/\/shop.akumaye.org\/#\/schema\/logo\/image\/"},"sameAs":["https:\/\/instagram.com\/corpo.akumaye"],"description":"Akumay\u00ea est un projet de recherche multi-artistique qui explore la gu\u00e9rison somatique, les savoirs ancestraux et l&#039;expansion de la conscience par l&#039;expression artistique et spirituelle. Compos\u00e9 de professionnels des arts et des th\u00e9rapies, le collectif organise des concerts, des rituels, des pr\u00e9sentations et des retraites exp\u00e9rientielles, permettant ainsi aux participants de vivre de nouvelles exp\u00e9riences transformatrices.","email":"contact@akumaye.org"}]}},"_links":{"self":[{"href":"https:\/\/shop.akumaye.org\/fr\/wp-json\/wp\/v2\/pages\/48","targetHints":{"allow":["GET"]}}],"collection":[{"href":"https:\/\/shop.akumaye.org\/fr\/wp-json\/wp\/v2\/pages"}],"about":[{"href":"https:\/\/shop.akumaye.org\/fr\/wp-json\/wp\/v2\/types\/page"}],"author":[{"embeddable":true,"href":"https:\/\/shop.akumaye.org\/fr\/wp-json\/wp\/v2\/users\/1"}],"replies":[{"embeddable":true,"href":"https:\/\/shop.akumaye.org\/fr\/wp-json\/wp\/v2\/comments?post=48"}],"version-history":[{"count":1,"href":"https:\/\/shop.akumaye.org\/fr\/wp-json\/wp\/v2\/pages\/48\/revisions"}],"predecessor-version":[{"id":1090,"href":"https:\/\/shop.akumaye.org\/fr\/wp-json\/wp\/v2\/pages\/48\/revisions\/1090"}],"wp:attachment":[{"href":"https:\/\/shop.akumaye.org\/fr\/wp-json\/wp\/v2\/media?parent=48"}],"curies":[{"name":"wp","href":"https:\/\/api.w.org\/{rel}","templated":true}]}}