{"id":1111,"date":"2025-09-30T21:27:05","date_gmt":"2025-09-30T19:27:05","guid":{"rendered":"https:\/\/shop.akumaye.org\/?post_type=product&#038;p=1111"},"modified":"2026-01-09T07:29:15","modified_gmt":"2026-01-09T06:29:15","slug":"book-welcome-how-wonderful-that-youre-here","status":"publish","type":"product","link":"https:\/\/shop.akumaye.org\/fr\/product\/book-welcome-how-wonderful-that-youre-here\/","title":{"rendered":"Bienvenue sur Book ! Quel plaisir de vous accueillir !"},"content":{"rendered":"<p><strong>Un petit manuel d\u2019instructions pour la vie sur Terre.<\/strong><\/p>\n<p>Sur un carton \u00e9pais et \u00e9cologique, orn\u00e9 d&#039;illustrations enchanteresses, d&#039;un texte bref mais pr\u00e9cis, et sous la forme d&#039;un livre pour b\u00e9b\u00e9, se trouve enfin un fil conducteur pour la vie. Ce livre a \u00e9t\u00e9 sp\u00e9cialement con\u00e7u pour les participants \u00e0 un Dresden Rebirthing. Il s&#039;est av\u00e9r\u00e9 tout aussi populaire comme cadeau pour les personnes ayant connu une renaissance, ayant surmont\u00e9 des crises, traversant une transition, ou encore pour les nouveau-n\u00e9s, ou simplement comme cadeau d&#039;anniversaire.<\/p>\n<p>10 doubles pages en couleurs, simplement reli\u00e9es par deux anneaux dor\u00e9s.<br \/>\n15 cm x 15 cm x 1,5 cm.<\/p>\n<blockquote class=\"wp-embedded-content\" data-secret=\"S7M9Vojso9\"><p><a href=\"https:\/\/apollonia-engelhardt.de\/meine-buecher-3\/\">Mes livres<\/a><\/p><\/blockquote>\n<p><iframe class=\"wp-embedded-content\" sandbox=\"allow-scripts\" security=\"restricted\" style=\"position: absolute; visibility: hidden;\" title=\"\u00abMeine B\u00fccher\u00bb \u2014 Apollonia Engelhardt\" src=\"https:\/\/apollonia-engelhardt.de\/meine-buecher-3\/embed\/#?secret=wMVJBueCMI#?secret=S7M9Vojso9\" data-secret=\"S7M9Vojso9\" width=\"500\" height=\"282\" frameborder=\"0\" marginwidth=\"0\" marginheight=\"0\" scrolling=\"no\"><\/iframe><\/p>","protected":false},"excerpt":{"rendered":"<p>Un petit manuel d\u2019instructions pour la vie sur Terre.<\/p>","protected":false},"featured_media":1112,"comment_status":"open","ping_status":"closed","template":"","meta":[],"product_brand":[],"product_cat":[46],"product_tag":[],"class_list":{"0":"post-1111","1":"product","2":"type-product","3":"status-publish","4":"has-post-thumbnail","6":"product_cat-books","8":"first","9":"outofstock","10":"shipping-taxable","11":"purchasable","12":"product-type-simple"},"yoast_head":"<!-- This site is optimized with the Yoast SEO Premium plugin v22.6 (Yoast SEO v27.4) - https:\/\/yoast.com\/product\/yoast-seo-premium-wordpress\/ -->\n<title>Book Welcome \u2013 How wonderful that you&#039;re here! - Akumay\u00ea Shop<\/title>\n<meta name=\"robots\" content=\"index, follow, max-snippet:-1, max-image-preview:large, max-video-preview:-1\" \/>\n<link rel=\"canonical\" href=\"https:\/\/shop.akumaye.org\/fr\/product\/book-welcome-how-wonderful-that-youre-here\/\" \/>\n<meta property=\"og:locale\" content=\"fr_FR\" \/>\n<meta property=\"og:type\" content=\"article\" \/>\n<meta property=\"og:title\" content=\"Book Welcome \u2013 How wonderful that you&#039;re here!\" \/>\n<meta property=\"og:description\" content=\"A short instruction manual for life on Earth.\" \/>\n<meta property=\"og:url\" content=\"https:\/\/shop.akumaye.org\/fr\/product\/book-welcome-how-wonderful-that-youre-here\/\" \/>\n<meta property=\"og:site_name\" content=\"Akumay\u00ea Shop\" \/>\n<meta property=\"article:modified_time\" content=\"2026-01-09T06:29:15+00:00\" \/>\n<meta property=\"og:image\" content=\"https:\/\/shop.akumaye.org\/wp-content\/uploads\/2025\/09\/Buchlein-00_Shop-Akumaye.jpg\" \/>\n\t<meta property=\"og:image:width\" content=\"1802\" \/>\n\t<meta property=\"og:image:height\" content=\"1920\" \/>\n\t<meta property=\"og:image:type\" content=\"image\/jpeg\" \/>\n<script type=\"application\/ld+json\" class=\"yoast-schema-graph\">{\"@context\":\"https:\\\/\\\/schema.org\",\"@graph\":[{\"@type\":\"WebPage\",\"@id\":\"https:\\\/\\\/shop.akumaye.org\\\/product\\\/book-welcome-how-wonderful-that-youre-here\\\/\",\"url\":\"https:\\\/\\\/shop.akumaye.org\\\/product\\\/book-welcome-how-wonderful-that-youre-here\\\/\",\"name\":\"Book Welcome \u2013 How wonderful that you're here! - Akumay\u00ea Shop\",\"isPartOf\":{\"@id\":\"https:\\\/\\\/shop.akumaye.org\\\/#website\"},\"primaryImageOfPage\":{\"@id\":\"https:\\\/\\\/shop.akumaye.org\\\/product\\\/book-welcome-how-wonderful-that-youre-here\\\/#primaryimage\"},\"image\":{\"@id\":\"https:\\\/\\\/shop.akumaye.org\\\/product\\\/book-welcome-how-wonderful-that-youre-here\\\/#primaryimage\"},\"thumbnailUrl\":\"https:\\\/\\\/shop.akumaye.org\\\/wp-content\\\/uploads\\\/2025\\\/09\\\/Buchlein-00_Shop-Akumaye.jpg\",\"datePublished\":\"2025-09-30T19:27:05+00:00\",\"dateModified\":\"2026-01-09T06:29:15+00:00\",\"breadcrumb\":{\"@id\":\"https:\\\/\\\/shop.akumaye.org\\\/product\\\/book-welcome-how-wonderful-that-youre-here\\\/#breadcrumb\"},\"inLanguage\":\"fr-FR\",\"potentialAction\":[{\"@type\":\"ReadAction\",\"target\":[\"https:\\\/\\\/shop.akumaye.org\\\/product\\\/book-welcome-how-wonderful-that-youre-here\\\/\"]}]},{\"@type\":\"ImageObject\",\"inLanguage\":\"fr-FR\",\"@id\":\"https:\\\/\\\/shop.akumaye.org\\\/product\\\/book-welcome-how-wonderful-that-youre-here\\\/#primaryimage\",\"url\":\"https:\\\/\\\/shop.akumaye.org\\\/wp-content\\\/uploads\\\/2025\\\/09\\\/Buchlein-00_Shop-Akumaye.jpg\",\"contentUrl\":\"https:\\\/\\\/shop.akumaye.org\\\/wp-content\\\/uploads\\\/2025\\\/09\\\/Buchlein-00_Shop-Akumaye.jpg\",\"width\":1802,\"height\":1920,\"caption\":\"B\u00fcchlein - Welcome \u2013 how wonderful that you're here!\"},{\"@type\":\"BreadcrumbList\",\"@id\":\"https:\\\/\\\/shop.akumaye.org\\\/product\\\/book-welcome-how-wonderful-that-youre-here\\\/#breadcrumb\",\"itemListElement\":[{\"@type\":\"ListItem\",\"position\":1,\"name\":\"Home\",\"item\":\"https:\\\/\\\/shop.akumaye.org\\\/\"},{\"@type\":\"ListItem\",\"position\":2,\"name\":\"Shop\",\"item\":\"https:\\\/\\\/shop.akumaye.org\\\/shop\\\/\"},{\"@type\":\"ListItem\",\"position\":3,\"name\":\"Book Welcome \u2013 How wonderful that you&#8217;re here!\"}]},{\"@type\":\"WebSite\",\"@id\":\"https:\\\/\\\/shop.akumaye.org\\\/#website\",\"url\":\"https:\\\/\\\/shop.akumaye.org\\\/\",\"name\":\"Akumay\u00ea Shop\",\"description\":\"Medicine of care, art of encounter\",\"publisher\":{\"@id\":\"https:\\\/\\\/shop.akumaye.org\\\/#organization\"},\"potentialAction\":[{\"@type\":\"SearchAction\",\"target\":{\"@type\":\"EntryPoint\",\"urlTemplate\":\"https:\\\/\\\/shop.akumaye.org\\\/?s={search_term_string}\"},\"query-input\":{\"@type\":\"PropertyValueSpecification\",\"valueRequired\":true,\"valueName\":\"search_term_string\"}}],\"inLanguage\":\"fr-FR\"},{\"@type\":\"Organization\",\"@id\":\"https:\\\/\\\/shop.akumaye.org\\\/#organization\",\"name\":\"Akumay\u00ea\",\"url\":\"https:\\\/\\\/shop.akumaye.org\\\/\",\"logo\":{\"@type\":\"ImageObject\",\"inLanguage\":\"fr-FR\",\"@id\":\"https:\\\/\\\/shop.akumaye.org\\\/#\\\/schema\\\/logo\\\/image\\\/\",\"url\":\"https:\\\/\\\/shop.akumaye.org\\\/wp-content\\\/uploads\\\/2025\\\/07\\\/Akumaye-2.png\",\"contentUrl\":\"https:\\\/\\\/shop.akumaye.org\\\/wp-content\\\/uploads\\\/2025\\\/07\\\/Akumaye-2.png\",\"width\":351,\"height\":116,\"caption\":\"Akumay\u00ea\"},\"image\":{\"@id\":\"https:\\\/\\\/shop.akumaye.org\\\/#\\\/schema\\\/logo\\\/image\\\/\"},\"sameAs\":[\"https:\\\/\\\/instagram.com\\\/corpo.akumaye\"],\"description\":\"Akumay\u00ea is a multi-artistic research project that explores somatic healing, ancestral knowledge, and the expansion of consciousness through artistic and spiritual expression. Composed of professionals in the arts and therapies, the collective holds concerts, rituals, presentations, and experiential retreats, connecting people to new transformative experiences.\",\"email\":\"contact@akumaye.org\"}]}<\/script>\n<!-- \/ Yoast SEO Premium plugin. -->","yoast_head_json":{"title":"Bienvenue\u00a0! Quel plaisir de vous accueillir\u00a0! \u2013 Boutique Akumay\u00ea","robots":{"index":"index","follow":"follow","max-snippet":"max-snippet:-1","max-image-preview":"max-image-preview:large","max-video-preview":"max-video-preview:-1"},"canonical":"https:\/\/shop.akumaye.org\/fr\/product\/book-welcome-how-wonderful-that-youre-here\/","og_locale":"fr_FR","og_type":"article","og_title":"Book Welcome \u2013 How wonderful that you're here!","og_description":"A short instruction manual for life on Earth.","og_url":"https:\/\/shop.akumaye.org\/fr\/product\/book-welcome-how-wonderful-that-youre-here\/","og_site_name":"Akumay\u00ea Shop","article_modified_time":"2026-01-09T06:29:15+00:00","og_image":[{"width":1802,"height":1920,"url":"https:\/\/shop.akumaye.org\/wp-content\/uploads\/2025\/09\/Buchlein-00_Shop-Akumaye.jpg","type":"image\/jpeg"}],"schema":{"@context":"https:\/\/schema.org","@graph":[{"@type":"WebPage","@id":"https:\/\/shop.akumaye.org\/product\/book-welcome-how-wonderful-that-youre-here\/","url":"https:\/\/shop.akumaye.org\/product\/book-welcome-how-wonderful-that-youre-here\/","name":"Bienvenue\u00a0! Quel plaisir de vous accueillir\u00a0! \u2013 Boutique Akumay\u00ea","isPartOf":{"@id":"https:\/\/shop.akumaye.org\/#website"},"primaryImageOfPage":{"@id":"https:\/\/shop.akumaye.org\/product\/book-welcome-how-wonderful-that-youre-here\/#primaryimage"},"image":{"@id":"https:\/\/shop.akumaye.org\/product\/book-welcome-how-wonderful-that-youre-here\/#primaryimage"},"thumbnailUrl":"https:\/\/shop.akumaye.org\/wp-content\/uploads\/2025\/09\/Buchlein-00_Shop-Akumaye.jpg","datePublished":"2025-09-30T19:27:05+00:00","dateModified":"2026-01-09T06:29:15+00:00","breadcrumb":{"@id":"https:\/\/shop.akumaye.org\/product\/book-welcome-how-wonderful-that-youre-here\/#breadcrumb"},"inLanguage":"fr-FR","potentialAction":[{"@type":"ReadAction","target":["https:\/\/shop.akumaye.org\/product\/book-welcome-how-wonderful-that-youre-here\/"]}]},{"@type":"ImageObject","inLanguage":"fr-FR","@id":"https:\/\/shop.akumaye.org\/product\/book-welcome-how-wonderful-that-youre-here\/#primaryimage","url":"https:\/\/shop.akumaye.org\/wp-content\/uploads\/2025\/09\/Buchlein-00_Shop-Akumaye.jpg","contentUrl":"https:\/\/shop.akumaye.org\/wp-content\/uploads\/2025\/09\/Buchlein-00_Shop-Akumaye.jpg","width":1802,"height":1920,"caption":"B\u00fcchlein - Welcome \u2013 how wonderful that you're here!"},{"@type":"BreadcrumbList","@id":"https:\/\/shop.akumaye.org\/product\/book-welcome-how-wonderful-that-youre-here\/#breadcrumb","itemListElement":[{"@type":"ListItem","position":1,"name":"Home","item":"https:\/\/shop.akumaye.org\/"},{"@type":"ListItem","position":2,"name":"Shop","item":"https:\/\/shop.akumaye.org\/shop\/"},{"@type":"ListItem","position":3,"name":"Book Welcome \u2013 How wonderful that you&#8217;re here!"}]},{"@type":"WebSite","@id":"https:\/\/shop.akumaye.org\/#website","url":"https:\/\/shop.akumaye.org\/","name":"Boutique Akumay\u00ea","description":"M\u00e9decine du soin, art de la rencontre","publisher":{"@id":"https:\/\/shop.akumaye.org\/#organization"},"potentialAction":[{"@type":"SearchAction","target":{"@type":"EntryPoint","urlTemplate":"https:\/\/shop.akumaye.org\/?s={search_term_string}"},"query-input":{"@type":"PropertyValueSpecification","valueRequired":true,"valueName":"search_term_string"}}],"inLanguage":"fr-FR"},{"@type":"Organization","@id":"https:\/\/shop.akumaye.org\/#organization","name":"Akumay\u00ea","url":"https:\/\/shop.akumaye.org\/","logo":{"@type":"ImageObject","inLanguage":"fr-FR","@id":"https:\/\/shop.akumaye.org\/#\/schema\/logo\/image\/","url":"https:\/\/shop.akumaye.org\/wp-content\/uploads\/2025\/07\/Akumaye-2.png","contentUrl":"https:\/\/shop.akumaye.org\/wp-content\/uploads\/2025\/07\/Akumaye-2.png","width":351,"height":116,"caption":"Akumay\u00ea"},"image":{"@id":"https:\/\/shop.akumaye.org\/#\/schema\/logo\/image\/"},"sameAs":["https:\/\/instagram.com\/corpo.akumaye"],"description":"Akumay\u00ea est un projet de recherche multi-artistique qui explore la gu\u00e9rison somatique, les savoirs ancestraux et l&#039;expansion de la conscience par l&#039;expression artistique et spirituelle. Compos\u00e9 de professionnels des arts et des th\u00e9rapies, le collectif organise des concerts, des rituels, des pr\u00e9sentations et des retraites exp\u00e9rientielles, permettant ainsi aux participants de vivre de nouvelles exp\u00e9riences transformatrices.","email":"contact@akumaye.org"}]}},"_links":{"self":[{"href":"https:\/\/shop.akumaye.org\/fr\/wp-json\/wp\/v2\/product\/1111","targetHints":{"allow":["GET"]}}],"collection":[{"href":"https:\/\/shop.akumaye.org\/fr\/wp-json\/wp\/v2\/product"}],"about":[{"href":"https:\/\/shop.akumaye.org\/fr\/wp-json\/wp\/v2\/types\/product"}],"replies":[{"embeddable":true,"href":"https:\/\/shop.akumaye.org\/fr\/wp-json\/wp\/v2\/comments?post=1111"}],"wp:featuredmedia":[{"embeddable":true,"href":"https:\/\/shop.akumaye.org\/fr\/wp-json\/wp\/v2\/media\/1112"}],"wp:attachment":[{"href":"https:\/\/shop.akumaye.org\/fr\/wp-json\/wp\/v2\/media?parent=1111"}],"wp:term":[{"taxonomy":"product_brand","embeddable":true,"href":"https:\/\/shop.akumaye.org\/fr\/wp-json\/wp\/v2\/product_brand?post=1111"},{"taxonomy":"product_cat","embeddable":true,"href":"https:\/\/shop.akumaye.org\/fr\/wp-json\/wp\/v2\/product_cat?post=1111"},{"taxonomy":"product_tag","embeddable":true,"href":"https:\/\/shop.akumaye.org\/fr\/wp-json\/wp\/v2\/product_tag?post=1111"}],"curies":[{"name":"wp","href":"https:\/\/api.w.org\/{rel}","templated":true}]}}