{"id":665,"date":"2025-08-10T04:44:16","date_gmt":"2025-08-10T02:44:16","guid":{"rendered":"https:\/\/shop.akumaye.org\/?post_type=product&#038;p=665"},"modified":"2025-11-28T09:24:19","modified_gmt":"2025-11-28T08:24:19","slug":"cacao-nibs-250g","status":"publish","type":"product","link":"https:\/\/shop.akumaye.org\/fr\/product\/cacao-nibs-250g\/","title":{"rendered":"\u00c9clats de cacao 250 g"},"content":{"rendered":"<p><strong>Morceaux croquants de cacao pur, intenses et nutritifs, parfaits pour ajouter de la saveur et de l&#039;\u00e9nergie \u00e0 votre journ\u00e9e.<\/strong><\/p>\n<p>Les \u00e9clats de cacao Akumay\u00ea sont \u00e9labor\u00e9s \u00e0 partir de f\u00e8ves soigneusement s\u00e9lectionn\u00e9es, ferment\u00e9es et torr\u00e9fi\u00e9es selon un proc\u00e9d\u00e9 artisanal pour pr\u00e9server leur ar\u00f4me et leurs valeurs nutritionnelles. Avec leur saveur intense et leur texture croquante, ils sont riches en antioxydants, magn\u00e9sium et autres min\u00e9raux essentiels.<br \/>\nIls peuvent \u00eatre d\u00e9gust\u00e9s seuls ou ajout\u00e9s \u00e0 des fruits, des yaourts, des granolas ou des recettes, apportant une touche gourmande et saine.<br \/>\nSans sucre, sans gluten et 100% naturel \u2014 une exp\u00e9rience authentique pour les vrais amateurs de cacao.<\/p>","protected":false},"excerpt":{"rendered":"<p>Morceaux croquants de cacao pur, intenses et nutritifs, parfaits pour ajouter de la saveur et de l&#039;\u00e9nergie \u00e0 votre journ\u00e9e.<\/p>","protected":false},"featured_media":667,"comment_status":"open","ping_status":"closed","template":"","meta":[],"product_brand":[],"product_cat":[39],"product_tag":[],"class_list":{"0":"post-665","1":"product","2":"type-product","3":"status-publish","4":"has-post-thumbnail","6":"product_cat-cacao","8":"first","9":"outofstock","10":"featured","11":"shipping-taxable","12":"purchasable","13":"product-type-simple"},"yoast_head":"<!-- This site is optimized with the Yoast SEO Premium plugin v22.6 (Yoast SEO v27.4) - https:\/\/yoast.com\/product\/yoast-seo-premium-wordpress\/ -->\n<title>Cacao Nibs 250g - Akumay\u00ea Shop<\/title>\n<meta name=\"robots\" content=\"index, follow, max-snippet:-1, max-image-preview:large, max-video-preview:-1\" \/>\n<link rel=\"canonical\" href=\"https:\/\/shop.akumaye.org\/fr\/product\/cacao-nibs-250g\/\" \/>\n<meta property=\"og:locale\" content=\"fr_FR\" \/>\n<meta property=\"og:type\" content=\"article\" \/>\n<meta property=\"og:title\" content=\"Cacao Nibs 250g\" \/>\n<meta property=\"og:description\" content=\"Crunchy pieces of pure cacao, intense and nutritious, perfect for adding flavor and energy to your day.\" \/>\n<meta property=\"og:url\" content=\"https:\/\/shop.akumaye.org\/fr\/product\/cacao-nibs-250g\/\" \/>\n<meta property=\"og:site_name\" content=\"Akumay\u00ea Shop\" \/>\n<meta property=\"article:modified_time\" content=\"2025-11-28T08:24:19+00:00\" \/>\n<meta property=\"og:image\" content=\"https:\/\/shop.akumaye.org\/wp-content\/uploads\/2025\/08\/Akumaye-shop_cacau_27.15-3.jpeg\" \/>\n\t<meta property=\"og:image:width\" content=\"1440\" \/>\n\t<meta property=\"og:image:height\" content=\"1920\" \/>\n\t<meta property=\"og:image:type\" content=\"image\/jpeg\" \/>\n<script type=\"application\/ld+json\" class=\"yoast-schema-graph\">{\"@context\":\"https:\\\/\\\/schema.org\",\"@graph\":[{\"@type\":\"WebPage\",\"@id\":\"https:\\\/\\\/shop.akumaye.org\\\/product\\\/cacao-nibs-250g\\\/\",\"url\":\"https:\\\/\\\/shop.akumaye.org\\\/product\\\/cacao-nibs-250g\\\/\",\"name\":\"Cacao Nibs 250g - Akumay\u00ea Shop\",\"isPartOf\":{\"@id\":\"https:\\\/\\\/shop.akumaye.org\\\/#website\"},\"primaryImageOfPage\":{\"@id\":\"https:\\\/\\\/shop.akumaye.org\\\/product\\\/cacao-nibs-250g\\\/#primaryimage\"},\"image\":{\"@id\":\"https:\\\/\\\/shop.akumaye.org\\\/product\\\/cacao-nibs-250g\\\/#primaryimage\"},\"thumbnailUrl\":\"https:\\\/\\\/shop.akumaye.org\\\/wp-content\\\/uploads\\\/2025\\\/08\\\/Akumaye-shop_cacau_27.15-3.jpeg\",\"datePublished\":\"2025-08-10T02:44:16+00:00\",\"dateModified\":\"2025-11-28T08:24:19+00:00\",\"breadcrumb\":{\"@id\":\"https:\\\/\\\/shop.akumaye.org\\\/product\\\/cacao-nibs-250g\\\/#breadcrumb\"},\"inLanguage\":\"fr-FR\",\"potentialAction\":[{\"@type\":\"ReadAction\",\"target\":[\"https:\\\/\\\/shop.akumaye.org\\\/product\\\/cacao-nibs-250g\\\/\"]}]},{\"@type\":\"ImageObject\",\"inLanguage\":\"fr-FR\",\"@id\":\"https:\\\/\\\/shop.akumaye.org\\\/product\\\/cacao-nibs-250g\\\/#primaryimage\",\"url\":\"https:\\\/\\\/shop.akumaye.org\\\/wp-content\\\/uploads\\\/2025\\\/08\\\/Akumaye-shop_cacau_27.15-3.jpeg\",\"contentUrl\":\"https:\\\/\\\/shop.akumaye.org\\\/wp-content\\\/uploads\\\/2025\\\/08\\\/Akumaye-shop_cacau_27.15-3.jpeg\",\"width\":1440,\"height\":1920},{\"@type\":\"BreadcrumbList\",\"@id\":\"https:\\\/\\\/shop.akumaye.org\\\/product\\\/cacao-nibs-250g\\\/#breadcrumb\",\"itemListElement\":[{\"@type\":\"ListItem\",\"position\":1,\"name\":\"Home\",\"item\":\"https:\\\/\\\/shop.akumaye.org\\\/\"},{\"@type\":\"ListItem\",\"position\":2,\"name\":\"Shop\",\"item\":\"https:\\\/\\\/shop.akumaye.org\\\/shop\\\/\"},{\"@type\":\"ListItem\",\"position\":3,\"name\":\"Cacao Nibs 250g\"}]},{\"@type\":\"WebSite\",\"@id\":\"https:\\\/\\\/shop.akumaye.org\\\/#website\",\"url\":\"https:\\\/\\\/shop.akumaye.org\\\/\",\"name\":\"Akumay\u00ea Shop\",\"description\":\"Medicine of care, art of encounter\",\"publisher\":{\"@id\":\"https:\\\/\\\/shop.akumaye.org\\\/#organization\"},\"potentialAction\":[{\"@type\":\"SearchAction\",\"target\":{\"@type\":\"EntryPoint\",\"urlTemplate\":\"https:\\\/\\\/shop.akumaye.org\\\/?s={search_term_string}\"},\"query-input\":{\"@type\":\"PropertyValueSpecification\",\"valueRequired\":true,\"valueName\":\"search_term_string\"}}],\"inLanguage\":\"fr-FR\"},{\"@type\":\"Organization\",\"@id\":\"https:\\\/\\\/shop.akumaye.org\\\/#organization\",\"name\":\"Akumay\u00ea\",\"url\":\"https:\\\/\\\/shop.akumaye.org\\\/\",\"logo\":{\"@type\":\"ImageObject\",\"inLanguage\":\"fr-FR\",\"@id\":\"https:\\\/\\\/shop.akumaye.org\\\/#\\\/schema\\\/logo\\\/image\\\/\",\"url\":\"https:\\\/\\\/shop.akumaye.org\\\/wp-content\\\/uploads\\\/2025\\\/07\\\/Akumaye-2.png\",\"contentUrl\":\"https:\\\/\\\/shop.akumaye.org\\\/wp-content\\\/uploads\\\/2025\\\/07\\\/Akumaye-2.png\",\"width\":351,\"height\":116,\"caption\":\"Akumay\u00ea\"},\"image\":{\"@id\":\"https:\\\/\\\/shop.akumaye.org\\\/#\\\/schema\\\/logo\\\/image\\\/\"},\"sameAs\":[\"https:\\\/\\\/instagram.com\\\/corpo.akumaye\"],\"description\":\"Akumay\u00ea is a multi-artistic research project that explores somatic healing, ancestral knowledge, and the expansion of consciousness through artistic and spiritual expression. Composed of professionals in the arts and therapies, the collective holds concerts, rituals, presentations, and experiential retreats, connecting people to new transformative experiences.\",\"email\":\"contact@akumaye.org\"}]}<\/script>\n<!-- \/ Yoast SEO Premium plugin. -->","yoast_head_json":{"title":"Nibs de Cacao 250g - Boutique Akumay\u00ea","robots":{"index":"index","follow":"follow","max-snippet":"max-snippet:-1","max-image-preview":"max-image-preview:large","max-video-preview":"max-video-preview:-1"},"canonical":"https:\/\/shop.akumaye.org\/fr\/product\/cacao-nibs-250g\/","og_locale":"fr_FR","og_type":"article","og_title":"Cacao Nibs 250g","og_description":"Crunchy pieces of pure cacao, intense and nutritious, perfect for adding flavor and energy to your day.","og_url":"https:\/\/shop.akumaye.org\/fr\/product\/cacao-nibs-250g\/","og_site_name":"Akumay\u00ea Shop","article_modified_time":"2025-11-28T08:24:19+00:00","og_image":[{"width":1440,"height":1920,"url":"https:\/\/shop.akumaye.org\/wp-content\/uploads\/2025\/08\/Akumaye-shop_cacau_27.15-3.jpeg","type":"image\/jpeg"}],"schema":{"@context":"https:\/\/schema.org","@graph":[{"@type":"WebPage","@id":"https:\/\/shop.akumaye.org\/product\/cacao-nibs-250g\/","url":"https:\/\/shop.akumaye.org\/product\/cacao-nibs-250g\/","name":"Nibs de Cacao 250g - Boutique Akumay\u00ea","isPartOf":{"@id":"https:\/\/shop.akumaye.org\/#website"},"primaryImageOfPage":{"@id":"https:\/\/shop.akumaye.org\/product\/cacao-nibs-250g\/#primaryimage"},"image":{"@id":"https:\/\/shop.akumaye.org\/product\/cacao-nibs-250g\/#primaryimage"},"thumbnailUrl":"https:\/\/shop.akumaye.org\/wp-content\/uploads\/2025\/08\/Akumaye-shop_cacau_27.15-3.jpeg","datePublished":"2025-08-10T02:44:16+00:00","dateModified":"2025-11-28T08:24:19+00:00","breadcrumb":{"@id":"https:\/\/shop.akumaye.org\/product\/cacao-nibs-250g\/#breadcrumb"},"inLanguage":"fr-FR","potentialAction":[{"@type":"ReadAction","target":["https:\/\/shop.akumaye.org\/product\/cacao-nibs-250g\/"]}]},{"@type":"ImageObject","inLanguage":"fr-FR","@id":"https:\/\/shop.akumaye.org\/product\/cacao-nibs-250g\/#primaryimage","url":"https:\/\/shop.akumaye.org\/wp-content\/uploads\/2025\/08\/Akumaye-shop_cacau_27.15-3.jpeg","contentUrl":"https:\/\/shop.akumaye.org\/wp-content\/uploads\/2025\/08\/Akumaye-shop_cacau_27.15-3.jpeg","width":1440,"height":1920},{"@type":"BreadcrumbList","@id":"https:\/\/shop.akumaye.org\/product\/cacao-nibs-250g\/#breadcrumb","itemListElement":[{"@type":"ListItem","position":1,"name":"Home","item":"https:\/\/shop.akumaye.org\/"},{"@type":"ListItem","position":2,"name":"Shop","item":"https:\/\/shop.akumaye.org\/shop\/"},{"@type":"ListItem","position":3,"name":"Cacao Nibs 250g"}]},{"@type":"WebSite","@id":"https:\/\/shop.akumaye.org\/#website","url":"https:\/\/shop.akumaye.org\/","name":"Boutique Akumay\u00ea","description":"M\u00e9decine du soin, art de la rencontre","publisher":{"@id":"https:\/\/shop.akumaye.org\/#organization"},"potentialAction":[{"@type":"SearchAction","target":{"@type":"EntryPoint","urlTemplate":"https:\/\/shop.akumaye.org\/?s={search_term_string}"},"query-input":{"@type":"PropertyValueSpecification","valueRequired":true,"valueName":"search_term_string"}}],"inLanguage":"fr-FR"},{"@type":"Organization","@id":"https:\/\/shop.akumaye.org\/#organization","name":"Akumay\u00ea","url":"https:\/\/shop.akumaye.org\/","logo":{"@type":"ImageObject","inLanguage":"fr-FR","@id":"https:\/\/shop.akumaye.org\/#\/schema\/logo\/image\/","url":"https:\/\/shop.akumaye.org\/wp-content\/uploads\/2025\/07\/Akumaye-2.png","contentUrl":"https:\/\/shop.akumaye.org\/wp-content\/uploads\/2025\/07\/Akumaye-2.png","width":351,"height":116,"caption":"Akumay\u00ea"},"image":{"@id":"https:\/\/shop.akumaye.org\/#\/schema\/logo\/image\/"},"sameAs":["https:\/\/instagram.com\/corpo.akumaye"],"description":"Akumay\u00ea est un projet de recherche multi-artistique qui explore la gu\u00e9rison somatique, les savoirs ancestraux et l&#039;expansion de la conscience par l&#039;expression artistique et spirituelle. Compos\u00e9 de professionnels des arts et des th\u00e9rapies, le collectif organise des concerts, des rituels, des pr\u00e9sentations et des retraites exp\u00e9rientielles, permettant ainsi aux participants de vivre de nouvelles exp\u00e9riences transformatrices.","email":"contact@akumaye.org"}]}},"_links":{"self":[{"href":"https:\/\/shop.akumaye.org\/fr\/wp-json\/wp\/v2\/product\/665","targetHints":{"allow":["GET"]}}],"collection":[{"href":"https:\/\/shop.akumaye.org\/fr\/wp-json\/wp\/v2\/product"}],"about":[{"href":"https:\/\/shop.akumaye.org\/fr\/wp-json\/wp\/v2\/types\/product"}],"replies":[{"embeddable":true,"href":"https:\/\/shop.akumaye.org\/fr\/wp-json\/wp\/v2\/comments?post=665"}],"wp:featuredmedia":[{"embeddable":true,"href":"https:\/\/shop.akumaye.org\/fr\/wp-json\/wp\/v2\/media\/667"}],"wp:attachment":[{"href":"https:\/\/shop.akumaye.org\/fr\/wp-json\/wp\/v2\/media?parent=665"}],"wp:term":[{"taxonomy":"product_brand","embeddable":true,"href":"https:\/\/shop.akumaye.org\/fr\/wp-json\/wp\/v2\/product_brand?post=665"},{"taxonomy":"product_cat","embeddable":true,"href":"https:\/\/shop.akumaye.org\/fr\/wp-json\/wp\/v2\/product_cat?post=665"},{"taxonomy":"product_tag","embeddable":true,"href":"https:\/\/shop.akumaye.org\/fr\/wp-json\/wp\/v2\/product_tag?post=665"}],"curies":[{"name":"wp","href":"https:\/\/api.w.org\/{rel}","templated":true}]}}