{"id":49,"date":"2025-09-24T16:49:32","date_gmt":"2025-09-24T14:49:32","guid":{"rendered":"https:\/\/wpbasewoo.capaoweb.com.br\/?page_id=49"},"modified":"2025-09-25T21:11:23","modified_gmt":"2025-09-25T19:11:23","slug":"terms-and-conditions","status":"publish","type":"page","link":"https:\/\/shop.akumaye.org\/it\/terms-and-conditions\/","title":{"rendered":"Termini e Condizioni"},"content":{"rendered":"<h3 class=\"wp-block-heading\"><strong>Partner contrattuale<\/strong><\/h3>\n\n\n\n<p>Il contratto di acquisto si conclude con:<br><strong>Negozio Akumay\u00ea<\/strong> | Responsabile: Armando Rosa<strong><br><\/strong> Kappelenstr 21a<br>3250 Lyss<br>E-mail: shop@akumaye.org<\/p>\n\n\n\n<p>Ultimo aggiornamento di questi termini: 25 settembre 2025.<\/p>\n\n\n\n<hr class=\"wp-block-separator has-alpha-channel-opacity\"\/>\n\n\n\n<h3 class=\"wp-block-heading\"><strong>Prezzi e costi di spedizione<\/strong><\/h3>\n\n\n\n<p>Le spese di spedizione in Svizzera variano da CHF 3 a CHF 30 per pacchi fino a 30 kg.<br>Per ordini superiori a CHF 150 la spedizione \u00e8 gratuita (in linea di principio solo per spedizioni all&#039;interno della Svizzera).<\/p>\n\n\n\n<p>Prima di completare l&#039;acquisto, visualizzerai l&#039;importo totale del tuo ordine.<br>Generalmente consegniamo in Svizzera. Per ordini dall&#039;Unione Europea o da altri Paesi, vi preghiamo di contattarci per valutare insieme la soluzione.<\/p>\n\n\n\n<hr class=\"wp-block-separator has-alpha-channel-opacity\"\/>\n\n\n\n<h3 class=\"wp-block-heading\"><strong>Offerta e conclusione del contratto<\/strong><\/h3>\n\n\n\n<p>La presentazione dei prodotti nel negozio online non costituisce un&#039;offerta giuridicamente vincolante, bens\u00ec un catalogo digitale non vincolante.<\/p>\n\n\n\n<p>Cliccando sul <strong>\u201cEffettua ordine\u201d<\/strong> Cliccando sul pulsante, invierai un ordine vincolante per i prodotti presenti nel tuo carrello. La conferma di ricezione e accettazione dell&#039;ordine verr\u00e0 inviata automaticamente via e-mail subito dopo il completamento dell&#039;ordine. Questa e-mail conferma la conclusione del contratto di acquisto.<\/p>\n\n\n\n<hr class=\"wp-block-separator has-alpha-channel-opacity\"\/>\n\n\n\n<h3 class=\"wp-block-heading\"><strong>Consegna<\/strong><\/h3>\n\n\n\n<p>Spediamo gli ordini il pi\u00f9 rapidamente possibile, solitamente entro <strong>7 giorni lavorativi<\/strong> dopo la conferma del pagamento. La consegna tramite il servizio postale richiede solitamente un supplemento <strong>da 1 a 2 giorni lavorativi<\/strong>.<\/p>\n\n\n\n<p>Se un articolo non \u00e8 disponibile, ti informeremo immediatamente per decidere insieme la migliore alternativa (cambio, sostituzione o annullamento dell&#039;ordine).<\/p>\n\n\n\n<hr class=\"wp-block-separator has-alpha-channel-opacity\"\/>\n\n\n\n<h3 class=\"wp-block-heading\"><strong>Pagamento<\/strong><\/h3>\n\n\n\n<p>Accettiamo pagamenti tramite <strong>PostFinance, Twint o carta di credito<\/strong>Altri metodi di pagamento potrebbero in futuro diventare disponibili.<\/p>\n\n\n\n<hr class=\"wp-block-separator has-alpha-channel-opacity\"\/>\n\n\n\n<h3 class=\"wp-block-heading\"><strong>Resi e cambi<\/strong><\/h3>\n\n\n\n<p>Siamo una piccola azienda familiare e gestiamo ogni situazione con cura e umanit\u00e0.<\/p>\n\n\n\n<ul class=\"wp-block-list\">\n<li><strong>Sostituzione per difetto<\/strong>: Se un prodotto arriva difettoso o in condizioni non idonee, ce ne assumiamo la responsabilit\u00e0 e provvederemo alla sostituzione o al rimborso.<br><\/li>\n\n\n\n<li><strong>Cambio o reso su richiesta del cliente<\/strong>: Non offriamo un diritto di reso automatico, ma se desideri fare una richiesta, puoi contattarci entro <strong>7 giorni dalla ricezione dell&#039;ordine<\/strong>Ogni situazione verr\u00e0 valutata singolarmente.<br><\/li>\n<\/ul>\n\n\n\n<p><strong>Nota:<\/strong> I prodotti destinati all&#039;ingestione (consumo interno) in genere non possono essere restituiti, per motivi di sicurezza e integrit\u00e0 del prodotto.<\/p>\n\n\n\n<p>Per qualsiasi richiesta, scrivere a <strong>shop@akumaye.org<\/strong>.<\/p>\n\n\n\n<hr class=\"wp-block-separator has-alpha-channel-opacity\"\/>\n\n\n\n<h3 class=\"wp-block-heading\"><strong>Assistenza clienti<\/strong><\/h3>\n\n\n\n<p>Per domande, reclami o suggerimenti, il nostro canale di contatto \u00e8:<br><strong>shop@akumaye.org<\/strong><\/p>\n\n\n\n<hr class=\"wp-block-separator has-alpha-channel-opacity\"\/>\n\n\n\n<h3 class=\"wp-block-heading\"><strong>Avviso importante sui prodotti<\/strong><\/h3>\n\n\n\n<p>Tutti i prodotti venduti sono destinati al benessere e alla cura di s\u00e9, ma sono <strong>non medicinali<\/strong>.<\/p>\n\n\n\n<ul class=\"wp-block-list\">\n<li>Non effettuiamo diagnosi n\u00e9 forniamo terapie o trattamenti medici.<br><\/li>\n\n\n\n<li>Non promettiamo la guarigione, n\u00e9 consigliamo di iniziare o interrompere l&#039;assunzione di farmaci.<br><\/li>\n\n\n\n<li>I prodotti offerti non sostituiscono il follow-up medico o terapeutico.<br><\/li>\n<\/ul>\n\n\n\n<p>La responsabilit\u00e0 dell&#039;uso dei prodotti \u00e8 a carico dell&#039;acquirente. Concludendo l&#039;acquisto, il cliente dichiara di aver preso visione della presente informativa.<\/p>\n\n\n\n<hr class=\"wp-block-separator has-alpha-channel-opacity\"\/>\n\n\n\n<h3 class=\"wp-block-heading\"><strong>Privacy e protezione dei dati<\/strong><\/h3>\n\n\n\n<p>L&#039;utilizzo dei dati personali segue la nostra <strong>politica sulla riservatezza<\/strong>, consultabile qui: <a href=\"https:\/\/shop.akumaye.org\/it\/privacy-policy\/\">politica sulla riservatezza<\/a>.<\/p>\n\n\n\n<hr class=\"wp-block-separator has-alpha-channel-opacity\"\/>\n\n\n\n<h3 class=\"wp-block-heading\"><strong>Clausola di salvaguardia<\/strong><\/h3>\n\n\n\n<p>Qualora una qualsiasi disposizione delle presenti Condizioni dovesse risultare invalida, ci\u00f2 non pregiudicher\u00e0 la validit\u00e0 delle restanti disposizioni.<\/p>\n\n\n\n<p><\/p>","protected":false},"excerpt":{"rendered":"<p>Contractual Partner The purchase contract is concluded with:Akumay\u00ea Shop | Responsible Person: Armando Rosa Kappelenstr 21a3250 LyssE-mail: shop@akumaye.org Last updated<\/p>","protected":false},"author":1,"featured_media":0,"parent":0,"menu_order":0,"comment_status":"closed","ping_status":"closed","template":"","meta":{"footnotes":""},"class_list":["post-49","page","type-page","status-publish","hentry"],"yoast_head":"<!-- This site is optimized with the Yoast SEO Premium plugin v22.6 (Yoast SEO v27.4) - https:\/\/yoast.com\/product\/yoast-seo-premium-wordpress\/ -->\n<title>Terms and Conditions - Akumay\u00ea Shop<\/title>\n<meta name=\"description\" content=\"Ceremonial cacao, rap\u00e9, and artifacts created by hands that live with the land. A curation of natural knowledge and medicines, connecting Brazil and Switzerland with respect and intention.\" \/>\n<meta name=\"robots\" content=\"index, follow, max-snippet:-1, max-image-preview:large, max-video-preview:-1\" \/>\n<link rel=\"canonical\" href=\"https:\/\/shop.akumaye.org\/it\/terms-and-conditions\/\" \/>\n<meta property=\"og:locale\" content=\"it_IT\" \/>\n<meta property=\"og:type\" content=\"article\" \/>\n<meta property=\"og:title\" content=\"Terms and Conditions | Akumay\u00ea Shop\" \/>\n<meta property=\"og:description\" content=\"Ceremonial cacao, rap\u00e9, and artifacts created by hands that live with the land. A curation of natural knowledge and medicines, connecting Brazil and Switzerland with respect and intention.\" \/>\n<meta property=\"og:url\" content=\"https:\/\/shop.akumaye.org\/it\/terms-and-conditions\/\" \/>\n<meta property=\"og:site_name\" content=\"Akumay\u00ea Shop\" \/>\n<meta property=\"article:modified_time\" content=\"2025-09-25T19:11:23+00:00\" \/>\n<meta property=\"og:image\" content=\"https:\/\/shop.akumaye.org\/wp-content\/uploads\/2025\/08\/Akumaye-shop_cacau_27.18-1.jpeg\" \/>\n\t<meta property=\"og:image:width\" content=\"1598\" \/>\n\t<meta property=\"og:image:height\" content=\"1920\" \/>\n\t<meta property=\"og:image:type\" content=\"image\/jpeg\" \/>\n<script type=\"application\/ld+json\" class=\"yoast-schema-graph\">{\"@context\":\"https:\\\/\\\/schema.org\",\"@graph\":[{\"@type\":\"WebPage\",\"@id\":\"https:\\\/\\\/shop.akumaye.org\\\/terms-and-conditions\\\/\",\"url\":\"https:\\\/\\\/shop.akumaye.org\\\/terms-and-conditions\\\/\",\"name\":\"Terms and Conditions - Akumay\u00ea Shop\",\"isPartOf\":{\"@id\":\"https:\\\/\\\/shop.akumaye.org\\\/#website\"},\"datePublished\":\"2025-09-24T14:49:32+00:00\",\"dateModified\":\"2025-09-25T19:11:23+00:00\",\"description\":\"Ceremonial cacao, rap\u00e9, and artifacts created by hands that live with the land. A curation of natural knowledge and medicines, connecting Brazil and Switzerland with respect and intention.\",\"breadcrumb\":{\"@id\":\"https:\\\/\\\/shop.akumaye.org\\\/terms-and-conditions\\\/#breadcrumb\"},\"inLanguage\":\"it-IT\",\"potentialAction\":[{\"@type\":\"ReadAction\",\"target\":[\"https:\\\/\\\/shop.akumaye.org\\\/terms-and-conditions\\\/\"]}]},{\"@type\":\"BreadcrumbList\",\"@id\":\"https:\\\/\\\/shop.akumaye.org\\\/terms-and-conditions\\\/#breadcrumb\",\"itemListElement\":[{\"@type\":\"ListItem\",\"position\":1,\"name\":\"Home\",\"item\":\"https:\\\/\\\/shop.akumaye.org\\\/\"},{\"@type\":\"ListItem\",\"position\":2,\"name\":\"Terms and Conditions\"}]},{\"@type\":\"WebSite\",\"@id\":\"https:\\\/\\\/shop.akumaye.org\\\/#website\",\"url\":\"https:\\\/\\\/shop.akumaye.org\\\/\",\"name\":\"Akumay\u00ea Shop\",\"description\":\"Medicine of care, art of encounter\",\"publisher\":{\"@id\":\"https:\\\/\\\/shop.akumaye.org\\\/#organization\"},\"potentialAction\":[{\"@type\":\"SearchAction\",\"target\":{\"@type\":\"EntryPoint\",\"urlTemplate\":\"https:\\\/\\\/shop.akumaye.org\\\/?s={search_term_string}\"},\"query-input\":{\"@type\":\"PropertyValueSpecification\",\"valueRequired\":true,\"valueName\":\"search_term_string\"}}],\"inLanguage\":\"it-IT\"},{\"@type\":\"Organization\",\"@id\":\"https:\\\/\\\/shop.akumaye.org\\\/#organization\",\"name\":\"Akumay\u00ea\",\"url\":\"https:\\\/\\\/shop.akumaye.org\\\/\",\"logo\":{\"@type\":\"ImageObject\",\"inLanguage\":\"it-IT\",\"@id\":\"https:\\\/\\\/shop.akumaye.org\\\/#\\\/schema\\\/logo\\\/image\\\/\",\"url\":\"https:\\\/\\\/shop.akumaye.org\\\/wp-content\\\/uploads\\\/2025\\\/07\\\/Akumaye-2.png\",\"contentUrl\":\"https:\\\/\\\/shop.akumaye.org\\\/wp-content\\\/uploads\\\/2025\\\/07\\\/Akumaye-2.png\",\"width\":351,\"height\":116,\"caption\":\"Akumay\u00ea\"},\"image\":{\"@id\":\"https:\\\/\\\/shop.akumaye.org\\\/#\\\/schema\\\/logo\\\/image\\\/\"},\"sameAs\":[\"https:\\\/\\\/instagram.com\\\/corpo.akumaye\"],\"description\":\"Akumay\u00ea is a multi-artistic research project that explores somatic healing, ancestral knowledge, and the expansion of consciousness through artistic and spiritual expression. Composed of professionals in the arts and therapies, the collective holds concerts, rituals, presentations, and experiential retreats, connecting people to new transformative experiences.\",\"email\":\"contact@akumaye.org\"}]}<\/script>\n<!-- \/ Yoast SEO Premium plugin. -->","yoast_head_json":{"title":"Termini e condizioni - Akumay\u00ea Shop","description":"Cacao cerimoniale, rap\u00e9 e manufatti creati da mani che vivono a stretto contatto con la terra. Una selezione di conoscenze e medicine naturali, che unisce Brasile e Svizzera con rispetto e impegno.","robots":{"index":"index","follow":"follow","max-snippet":"max-snippet:-1","max-image-preview":"max-image-preview:large","max-video-preview":"max-video-preview:-1"},"canonical":"https:\/\/shop.akumaye.org\/it\/terms-and-conditions\/","og_locale":"it_IT","og_type":"article","og_title":"Terms and Conditions | Akumay\u00ea Shop","og_description":"Ceremonial cacao, rap\u00e9, and artifacts created by hands that live with the land. A curation of natural knowledge and medicines, connecting Brazil and Switzerland with respect and intention.","og_url":"https:\/\/shop.akumaye.org\/it\/terms-and-conditions\/","og_site_name":"Akumay\u00ea Shop","article_modified_time":"2025-09-25T19:11:23+00:00","og_image":[{"width":1598,"height":1920,"url":"https:\/\/shop.akumaye.org\/wp-content\/uploads\/2025\/08\/Akumaye-shop_cacau_27.18-1.jpeg","type":"image\/jpeg"}],"schema":{"@context":"https:\/\/schema.org","@graph":[{"@type":"WebPage","@id":"https:\/\/shop.akumaye.org\/terms-and-conditions\/","url":"https:\/\/shop.akumaye.org\/terms-and-conditions\/","name":"Termini e condizioni - Akumay\u00ea Shop","isPartOf":{"@id":"https:\/\/shop.akumaye.org\/#website"},"datePublished":"2025-09-24T14:49:32+00:00","dateModified":"2025-09-25T19:11:23+00:00","description":"Cacao cerimoniale, rap\u00e9 e manufatti creati da mani che vivono a stretto contatto con la terra. Una selezione di conoscenze e medicine naturali, che unisce Brasile e Svizzera con rispetto e impegno.","breadcrumb":{"@id":"https:\/\/shop.akumaye.org\/terms-and-conditions\/#breadcrumb"},"inLanguage":"it-IT","potentialAction":[{"@type":"ReadAction","target":["https:\/\/shop.akumaye.org\/terms-and-conditions\/"]}]},{"@type":"BreadcrumbList","@id":"https:\/\/shop.akumaye.org\/terms-and-conditions\/#breadcrumb","itemListElement":[{"@type":"ListItem","position":1,"name":"Home","item":"https:\/\/shop.akumaye.org\/"},{"@type":"ListItem","position":2,"name":"Terms and Conditions"}]},{"@type":"WebSite","@id":"https:\/\/shop.akumaye.org\/#website","url":"https:\/\/shop.akumaye.org\/","name":"Negozio Akumay\u00ea","description":"Medicina della cura, arte dell&#039;incontro","publisher":{"@id":"https:\/\/shop.akumaye.org\/#organization"},"potentialAction":[{"@type":"SearchAction","target":{"@type":"EntryPoint","urlTemplate":"https:\/\/shop.akumaye.org\/?s={search_term_string}"},"query-input":{"@type":"PropertyValueSpecification","valueRequired":true,"valueName":"search_term_string"}}],"inLanguage":"it-IT"},{"@type":"Organization","@id":"https:\/\/shop.akumaye.org\/#organization","name":"Akumay\u00ea","url":"https:\/\/shop.akumaye.org\/","logo":{"@type":"ImageObject","inLanguage":"it-IT","@id":"https:\/\/shop.akumaye.org\/#\/schema\/logo\/image\/","url":"https:\/\/shop.akumaye.org\/wp-content\/uploads\/2025\/07\/Akumaye-2.png","contentUrl":"https:\/\/shop.akumaye.org\/wp-content\/uploads\/2025\/07\/Akumaye-2.png","width":351,"height":116,"caption":"Akumay\u00ea"},"image":{"@id":"https:\/\/shop.akumaye.org\/#\/schema\/logo\/image\/"},"sameAs":["https:\/\/instagram.com\/corpo.akumaye"],"description":"Akumay\u00ea \u00e8 un progetto di ricerca multi-artistico che esplora la guarigione somatica, la conoscenza ancestrale e l&#039;espansione della coscienza attraverso l&#039;espressione artistica e spirituale. Composto da professionisti delle arti e delle terapie, il collettivo organizza concerti, rituali, presentazioni e ritiri esperienziali, connettendo le persone a nuove esperienze trasformative.","email":"contact@akumaye.org"}]}},"_links":{"self":[{"href":"https:\/\/shop.akumaye.org\/it\/wp-json\/wp\/v2\/pages\/49","targetHints":{"allow":["GET"]}}],"collection":[{"href":"https:\/\/shop.akumaye.org\/it\/wp-json\/wp\/v2\/pages"}],"about":[{"href":"https:\/\/shop.akumaye.org\/it\/wp-json\/wp\/v2\/types\/page"}],"author":[{"embeddable":true,"href":"https:\/\/shop.akumaye.org\/it\/wp-json\/wp\/v2\/users\/1"}],"replies":[{"embeddable":true,"href":"https:\/\/shop.akumaye.org\/it\/wp-json\/wp\/v2\/comments?post=49"}],"version-history":[{"count":7,"href":"https:\/\/shop.akumaye.org\/it\/wp-json\/wp\/v2\/pages\/49\/revisions"}],"predecessor-version":[{"id":1062,"href":"https:\/\/shop.akumaye.org\/it\/wp-json\/wp\/v2\/pages\/49\/revisions\/1062"}],"wp:attachment":[{"href":"https:\/\/shop.akumaye.org\/it\/wp-json\/wp\/v2\/media?parent=49"}],"curies":[{"name":"wp","href":"https:\/\/api.w.org\/{rel}","templated":true}]}}