{"id":1111,"date":"2025-09-30T21:27:05","date_gmt":"2025-09-30T19:27:05","guid":{"rendered":"https:\/\/shop.akumaye.org\/?post_type=product&#038;p=1111"},"modified":"2026-01-09T07:29:15","modified_gmt":"2026-01-09T06:29:15","slug":"book-welcome-how-wonderful-that-youre-here","status":"publish","type":"product","link":"https:\/\/shop.akumaye.org\/it\/product\/book-welcome-how-wonderful-that-youre-here\/","title":{"rendered":"Benvenuto nel libro: che bello che tu sia qui!"},"content":{"rendered":"<p><strong>Un breve manuale di istruzioni per la vita sulla Terra.<\/strong><\/p>\n<p>Su un cartoncino spesso ed ecologico, con illustrazioni incantevoli, un testo breve ma preciso e, sotto forma di libro per bambini, c&#039;\u00e8 finalmente un filo conduttore per la vita. Questo libro \u00e8 stato sviluppato appositamente per le persone che hanno partecipato a un Dresden Rebirthing. Si \u00e8 dimostrato altrettanto popolare come regalo per persone che sono rinate in qualche modo, che hanno superato crisi, che stanno affrontando una transizione, o anche per neonati o semplicemente come regalo di compleanno.<\/p>\n<p>10 doppie pagine a colori, rilegate semplicemente con due anelli dorati.<br \/>\n15 cm x 15 cm x 1,5 cm.<\/p>\n<blockquote class=\"wp-embedded-content\" data-secret=\"S7M9Vojso9\"><p><a href=\"https:\/\/apollonia-engelhardt.de\/meine-buecher-3\/\">I miei libri<\/a><\/p><\/blockquote>\n<p><iframe class=\"wp-embedded-content\" sandbox=\"allow-scripts\" security=\"restricted\" style=\"position: absolute; visibility: hidden;\" title=\"&quot;I miei libri&quot; \u2014 Apollonia Engelhardt\" src=\"https:\/\/apollonia-engelhardt.de\/meine-buecher-3\/embed\/#?secret=wMVJBueCMI#?secret=S7M9Vojso9\" data-secret=\"S7M9Vojso9\" width=\"500\" height=\"282\" frameborder=\"0\" marginwidth=\"0\" marginheight=\"0\" scrolling=\"no\"><\/iframe><\/p>","protected":false},"excerpt":{"rendered":"<p>Un breve manuale di istruzioni per la vita sulla Terra.<\/p>","protected":false},"featured_media":1112,"comment_status":"open","ping_status":"closed","template":"","meta":[],"product_brand":[],"product_cat":[46],"product_tag":[],"class_list":{"0":"post-1111","1":"product","2":"type-product","3":"status-publish","4":"has-post-thumbnail","6":"product_cat-books","8":"first","9":"outofstock","10":"shipping-taxable","11":"purchasable","12":"product-type-simple"},"yoast_head":"<!-- This site is optimized with the Yoast SEO Premium plugin v22.6 (Yoast SEO v27.4) - https:\/\/yoast.com\/product\/yoast-seo-premium-wordpress\/ -->\n<title>Book Welcome \u2013 How wonderful that you&#039;re here! - Akumay\u00ea Shop<\/title>\n<meta name=\"robots\" content=\"index, follow, max-snippet:-1, max-image-preview:large, max-video-preview:-1\" \/>\n<link rel=\"canonical\" href=\"https:\/\/shop.akumaye.org\/it\/product\/book-welcome-how-wonderful-that-youre-here\/\" \/>\n<meta property=\"og:locale\" content=\"it_IT\" \/>\n<meta property=\"og:type\" content=\"article\" \/>\n<meta property=\"og:title\" content=\"Book Welcome \u2013 How wonderful that you&#039;re here!\" \/>\n<meta property=\"og:description\" content=\"A short instruction manual for life on Earth.\" \/>\n<meta property=\"og:url\" content=\"https:\/\/shop.akumaye.org\/it\/product\/book-welcome-how-wonderful-that-youre-here\/\" \/>\n<meta property=\"og:site_name\" content=\"Akumay\u00ea Shop\" \/>\n<meta property=\"article:modified_time\" content=\"2026-01-09T06:29:15+00:00\" \/>\n<meta property=\"og:image\" content=\"https:\/\/shop.akumaye.org\/wp-content\/uploads\/2025\/09\/Buchlein-00_Shop-Akumaye.jpg\" \/>\n\t<meta property=\"og:image:width\" content=\"1802\" \/>\n\t<meta property=\"og:image:height\" content=\"1920\" \/>\n\t<meta property=\"og:image:type\" content=\"image\/jpeg\" \/>\n<script type=\"application\/ld+json\" class=\"yoast-schema-graph\">{\"@context\":\"https:\\\/\\\/schema.org\",\"@graph\":[{\"@type\":\"WebPage\",\"@id\":\"https:\\\/\\\/shop.akumaye.org\\\/product\\\/book-welcome-how-wonderful-that-youre-here\\\/\",\"url\":\"https:\\\/\\\/shop.akumaye.org\\\/product\\\/book-welcome-how-wonderful-that-youre-here\\\/\",\"name\":\"Book Welcome \u2013 How wonderful that you're here! - Akumay\u00ea Shop\",\"isPartOf\":{\"@id\":\"https:\\\/\\\/shop.akumaye.org\\\/#website\"},\"primaryImageOfPage\":{\"@id\":\"https:\\\/\\\/shop.akumaye.org\\\/product\\\/book-welcome-how-wonderful-that-youre-here\\\/#primaryimage\"},\"image\":{\"@id\":\"https:\\\/\\\/shop.akumaye.org\\\/product\\\/book-welcome-how-wonderful-that-youre-here\\\/#primaryimage\"},\"thumbnailUrl\":\"https:\\\/\\\/shop.akumaye.org\\\/wp-content\\\/uploads\\\/2025\\\/09\\\/Buchlein-00_Shop-Akumaye.jpg\",\"datePublished\":\"2025-09-30T19:27:05+00:00\",\"dateModified\":\"2026-01-09T06:29:15+00:00\",\"breadcrumb\":{\"@id\":\"https:\\\/\\\/shop.akumaye.org\\\/product\\\/book-welcome-how-wonderful-that-youre-here\\\/#breadcrumb\"},\"inLanguage\":\"it-IT\",\"potentialAction\":[{\"@type\":\"ReadAction\",\"target\":[\"https:\\\/\\\/shop.akumaye.org\\\/product\\\/book-welcome-how-wonderful-that-youre-here\\\/\"]}]},{\"@type\":\"ImageObject\",\"inLanguage\":\"it-IT\",\"@id\":\"https:\\\/\\\/shop.akumaye.org\\\/product\\\/book-welcome-how-wonderful-that-youre-here\\\/#primaryimage\",\"url\":\"https:\\\/\\\/shop.akumaye.org\\\/wp-content\\\/uploads\\\/2025\\\/09\\\/Buchlein-00_Shop-Akumaye.jpg\",\"contentUrl\":\"https:\\\/\\\/shop.akumaye.org\\\/wp-content\\\/uploads\\\/2025\\\/09\\\/Buchlein-00_Shop-Akumaye.jpg\",\"width\":1802,\"height\":1920,\"caption\":\"B\u00fcchlein - Welcome \u2013 how wonderful that you're here!\"},{\"@type\":\"BreadcrumbList\",\"@id\":\"https:\\\/\\\/shop.akumaye.org\\\/product\\\/book-welcome-how-wonderful-that-youre-here\\\/#breadcrumb\",\"itemListElement\":[{\"@type\":\"ListItem\",\"position\":1,\"name\":\"Home\",\"item\":\"https:\\\/\\\/shop.akumaye.org\\\/\"},{\"@type\":\"ListItem\",\"position\":2,\"name\":\"Shop\",\"item\":\"https:\\\/\\\/shop.akumaye.org\\\/shop\\\/\"},{\"@type\":\"ListItem\",\"position\":3,\"name\":\"Book Welcome \u2013 How wonderful that you&#8217;re here!\"}]},{\"@type\":\"WebSite\",\"@id\":\"https:\\\/\\\/shop.akumaye.org\\\/#website\",\"url\":\"https:\\\/\\\/shop.akumaye.org\\\/\",\"name\":\"Akumay\u00ea Shop\",\"description\":\"Medicine of care, art of encounter\",\"publisher\":{\"@id\":\"https:\\\/\\\/shop.akumaye.org\\\/#organization\"},\"potentialAction\":[{\"@type\":\"SearchAction\",\"target\":{\"@type\":\"EntryPoint\",\"urlTemplate\":\"https:\\\/\\\/shop.akumaye.org\\\/?s={search_term_string}\"},\"query-input\":{\"@type\":\"PropertyValueSpecification\",\"valueRequired\":true,\"valueName\":\"search_term_string\"}}],\"inLanguage\":\"it-IT\"},{\"@type\":\"Organization\",\"@id\":\"https:\\\/\\\/shop.akumaye.org\\\/#organization\",\"name\":\"Akumay\u00ea\",\"url\":\"https:\\\/\\\/shop.akumaye.org\\\/\",\"logo\":{\"@type\":\"ImageObject\",\"inLanguage\":\"it-IT\",\"@id\":\"https:\\\/\\\/shop.akumaye.org\\\/#\\\/schema\\\/logo\\\/image\\\/\",\"url\":\"https:\\\/\\\/shop.akumaye.org\\\/wp-content\\\/uploads\\\/2025\\\/07\\\/Akumaye-2.png\",\"contentUrl\":\"https:\\\/\\\/shop.akumaye.org\\\/wp-content\\\/uploads\\\/2025\\\/07\\\/Akumaye-2.png\",\"width\":351,\"height\":116,\"caption\":\"Akumay\u00ea\"},\"image\":{\"@id\":\"https:\\\/\\\/shop.akumaye.org\\\/#\\\/schema\\\/logo\\\/image\\\/\"},\"sameAs\":[\"https:\\\/\\\/instagram.com\\\/corpo.akumaye\"],\"description\":\"Akumay\u00ea is a multi-artistic research project that explores somatic healing, ancestral knowledge, and the expansion of consciousness through artistic and spiritual expression. Composed of professionals in the arts and therapies, the collective holds concerts, rituals, presentations, and experiential retreats, connecting people to new transformative experiences.\",\"email\":\"contact@akumaye.org\"}]}<\/script>\n<!-- \/ Yoast SEO Premium plugin. -->","yoast_head_json":{"title":"Benvenuto nel libro - Che bello che tu sia qui! - Akumay\u00ea Shop","robots":{"index":"index","follow":"follow","max-snippet":"max-snippet:-1","max-image-preview":"max-image-preview:large","max-video-preview":"max-video-preview:-1"},"canonical":"https:\/\/shop.akumaye.org\/it\/product\/book-welcome-how-wonderful-that-youre-here\/","og_locale":"it_IT","og_type":"article","og_title":"Book Welcome \u2013 How wonderful that you're here!","og_description":"A short instruction manual for life on Earth.","og_url":"https:\/\/shop.akumaye.org\/it\/product\/book-welcome-how-wonderful-that-youre-here\/","og_site_name":"Akumay\u00ea Shop","article_modified_time":"2026-01-09T06:29:15+00:00","og_image":[{"width":1802,"height":1920,"url":"https:\/\/shop.akumaye.org\/wp-content\/uploads\/2025\/09\/Buchlein-00_Shop-Akumaye.jpg","type":"image\/jpeg"}],"schema":{"@context":"https:\/\/schema.org","@graph":[{"@type":"WebPage","@id":"https:\/\/shop.akumaye.org\/product\/book-welcome-how-wonderful-that-youre-here\/","url":"https:\/\/shop.akumaye.org\/product\/book-welcome-how-wonderful-that-youre-here\/","name":"Benvenuto nel libro - Che bello che tu sia qui! - Akumay\u00ea Shop","isPartOf":{"@id":"https:\/\/shop.akumaye.org\/#website"},"primaryImageOfPage":{"@id":"https:\/\/shop.akumaye.org\/product\/book-welcome-how-wonderful-that-youre-here\/#primaryimage"},"image":{"@id":"https:\/\/shop.akumaye.org\/product\/book-welcome-how-wonderful-that-youre-here\/#primaryimage"},"thumbnailUrl":"https:\/\/shop.akumaye.org\/wp-content\/uploads\/2025\/09\/Buchlein-00_Shop-Akumaye.jpg","datePublished":"2025-09-30T19:27:05+00:00","dateModified":"2026-01-09T06:29:15+00:00","breadcrumb":{"@id":"https:\/\/shop.akumaye.org\/product\/book-welcome-how-wonderful-that-youre-here\/#breadcrumb"},"inLanguage":"it-IT","potentialAction":[{"@type":"ReadAction","target":["https:\/\/shop.akumaye.org\/product\/book-welcome-how-wonderful-that-youre-here\/"]}]},{"@type":"ImageObject","inLanguage":"it-IT","@id":"https:\/\/shop.akumaye.org\/product\/book-welcome-how-wonderful-that-youre-here\/#primaryimage","url":"https:\/\/shop.akumaye.org\/wp-content\/uploads\/2025\/09\/Buchlein-00_Shop-Akumaye.jpg","contentUrl":"https:\/\/shop.akumaye.org\/wp-content\/uploads\/2025\/09\/Buchlein-00_Shop-Akumaye.jpg","width":1802,"height":1920,"caption":"B\u00fcchlein - Welcome \u2013 how wonderful that you're here!"},{"@type":"BreadcrumbList","@id":"https:\/\/shop.akumaye.org\/product\/book-welcome-how-wonderful-that-youre-here\/#breadcrumb","itemListElement":[{"@type":"ListItem","position":1,"name":"Home","item":"https:\/\/shop.akumaye.org\/"},{"@type":"ListItem","position":2,"name":"Shop","item":"https:\/\/shop.akumaye.org\/shop\/"},{"@type":"ListItem","position":3,"name":"Book Welcome \u2013 How wonderful that you&#8217;re here!"}]},{"@type":"WebSite","@id":"https:\/\/shop.akumaye.org\/#website","url":"https:\/\/shop.akumaye.org\/","name":"Negozio Akumay\u00ea","description":"Medicina della cura, arte dell&#039;incontro","publisher":{"@id":"https:\/\/shop.akumaye.org\/#organization"},"potentialAction":[{"@type":"SearchAction","target":{"@type":"EntryPoint","urlTemplate":"https:\/\/shop.akumaye.org\/?s={search_term_string}"},"query-input":{"@type":"PropertyValueSpecification","valueRequired":true,"valueName":"search_term_string"}}],"inLanguage":"it-IT"},{"@type":"Organization","@id":"https:\/\/shop.akumaye.org\/#organization","name":"Akumay\u00ea","url":"https:\/\/shop.akumaye.org\/","logo":{"@type":"ImageObject","inLanguage":"it-IT","@id":"https:\/\/shop.akumaye.org\/#\/schema\/logo\/image\/","url":"https:\/\/shop.akumaye.org\/wp-content\/uploads\/2025\/07\/Akumaye-2.png","contentUrl":"https:\/\/shop.akumaye.org\/wp-content\/uploads\/2025\/07\/Akumaye-2.png","width":351,"height":116,"caption":"Akumay\u00ea"},"image":{"@id":"https:\/\/shop.akumaye.org\/#\/schema\/logo\/image\/"},"sameAs":["https:\/\/instagram.com\/corpo.akumaye"],"description":"Akumay\u00ea \u00e8 un progetto di ricerca multi-artistico che esplora la guarigione somatica, la conoscenza ancestrale e l&#039;espansione della coscienza attraverso l&#039;espressione artistica e spirituale. Composto da professionisti delle arti e delle terapie, il collettivo organizza concerti, rituali, presentazioni e ritiri esperienziali, connettendo le persone a nuove esperienze trasformative.","email":"contact@akumaye.org"}]}},"_links":{"self":[{"href":"https:\/\/shop.akumaye.org\/it\/wp-json\/wp\/v2\/product\/1111","targetHints":{"allow":["GET"]}}],"collection":[{"href":"https:\/\/shop.akumaye.org\/it\/wp-json\/wp\/v2\/product"}],"about":[{"href":"https:\/\/shop.akumaye.org\/it\/wp-json\/wp\/v2\/types\/product"}],"replies":[{"embeddable":true,"href":"https:\/\/shop.akumaye.org\/it\/wp-json\/wp\/v2\/comments?post=1111"}],"wp:featuredmedia":[{"embeddable":true,"href":"https:\/\/shop.akumaye.org\/it\/wp-json\/wp\/v2\/media\/1112"}],"wp:attachment":[{"href":"https:\/\/shop.akumaye.org\/it\/wp-json\/wp\/v2\/media?parent=1111"}],"wp:term":[{"taxonomy":"product_brand","embeddable":true,"href":"https:\/\/shop.akumaye.org\/it\/wp-json\/wp\/v2\/product_brand?post=1111"},{"taxonomy":"product_cat","embeddable":true,"href":"https:\/\/shop.akumaye.org\/it\/wp-json\/wp\/v2\/product_cat?post=1111"},{"taxonomy":"product_tag","embeddable":true,"href":"https:\/\/shop.akumaye.org\/it\/wp-json\/wp\/v2\/product_tag?post=1111"}],"curies":[{"name":"wp","href":"https:\/\/api.w.org\/{rel}","templated":true}]}}