{"id":673,"date":"2025-08-10T05:09:24","date_gmt":"2025-08-10T03:09:24","guid":{"rendered":"https:\/\/shop.akumaye.org\/?post_type=product&#038;p=673"},"modified":"2026-01-12T11:30:29","modified_gmt":"2026-01-12T10:30:29","slug":"cacao-bar-500g","status":"publish","type":"product","link":"https:\/\/shop.akumaye.org\/it\/product\/cacao-bar-500g\/","title":{"rendered":"Barretta di cacao 500g"},"content":{"rendered":"<p><strong>Tavoletta di cacao puro, intenso e aromatico, ideale per preparare ricette o bevande ricche.<\/strong><\/p>\n<p>La tavoletta di cacao Akumay\u00ea \u00e8 realizzata con fave di cacao accuratamente selezionate e lavorate secondo metodi tradizionali per creare una tavoletta densa, dal sapore intenso e dall&#039;aroma ricco e caratteristico.<br \/>\nIdeale per preparare cioccolato, salse, dessert o bevande calde in casa, la sua purezza garantisce un risultato ricco di sapore e sostanze nutritive.<br \/>\nSenza zucchero, senza glutine e senza conservanti, \u00e8 la scelta perfetta per chi cerca qualit\u00e0 e genuinit\u00e0 nel cacao.<\/p>\n<div id=\"simple-translate\" class=\"simple-translate-system-theme\">\n<div>\n<div class=\"simple-translate-button isShow\" style=\"height: 22px;width: 22px;top: 27px;left: -67px\"><\/div>\n<div class=\"simple-translate-panel\" style=\"width: 300px;height: 200px;top: 0px;left: 0px;font-size: 13px\">\n<div class=\"simple-translate-result-wrapper\" style=\"overflow: hidden\">\n<div class=\"simple-translate-move\"><\/div>\n<div class=\"simple-translate-result-contents\">\n<p class=\"simple-translate-candidate\" dir=\"auto\">\n<\/div>\n<\/div>\n<\/div>\n<\/div>\n<\/div>","protected":false},"excerpt":{"rendered":"<p>Tavoletta di cacao puro, intenso e aromatico, ideale per preparare ricette o bevande ricche.<\/p>","protected":false},"featured_media":1124,"comment_status":"open","ping_status":"closed","template":"","meta":[],"product_brand":[],"product_cat":[39],"product_tag":[],"class_list":{"0":"post-673","1":"product","2":"type-product","3":"status-publish","4":"has-post-thumbnail","6":"product_cat-cacao","8":"first","9":"instock","10":"featured","11":"shipping-taxable","12":"purchasable","13":"product-type-simple"},"yoast_head":"<!-- This site is optimized with the Yoast SEO Premium plugin v22.6 (Yoast SEO v27.4) - https:\/\/yoast.com\/product\/yoast-seo-premium-wordpress\/ -->\n<title>Cacao Bar 500g - Akumay\u00ea Shop<\/title>\n<meta name=\"robots\" content=\"index, follow, max-snippet:-1, max-image-preview:large, max-video-preview:-1\" \/>\n<link rel=\"canonical\" href=\"https:\/\/shop.akumaye.org\/it\/product\/cacao-bar-500g\/\" \/>\n<meta property=\"og:locale\" content=\"it_IT\" \/>\n<meta property=\"og:type\" content=\"article\" \/>\n<meta property=\"og:title\" content=\"Cacao Bar 500g\" \/>\n<meta property=\"og:description\" content=\"Pure cacao bar, intense and aromatic, perfect for preparing recipes or rich beverages.\" \/>\n<meta property=\"og:url\" content=\"https:\/\/shop.akumaye.org\/it\/product\/cacao-bar-500g\/\" \/>\n<meta property=\"og:site_name\" content=\"Akumay\u00ea Shop\" \/>\n<meta property=\"article:modified_time\" content=\"2026-01-12T10:30:29+00:00\" \/>\n<meta property=\"og:image\" content=\"https:\/\/shop.akumaye.org\/wp-content\/uploads\/2025\/08\/Barra-Cacau-Cerimonial-Akumaye.jpg\" \/>\n\t<meta property=\"og:image:width\" content=\"1920\" \/>\n\t<meta property=\"og:image:height\" content=\"1920\" \/>\n\t<meta property=\"og:image:type\" content=\"image\/jpeg\" \/>\n<script type=\"application\/ld+json\" class=\"yoast-schema-graph\">{\"@context\":\"https:\\\/\\\/schema.org\",\"@graph\":[{\"@type\":\"WebPage\",\"@id\":\"https:\\\/\\\/shop.akumaye.org\\\/product\\\/cacao-bar-500g\\\/\",\"url\":\"https:\\\/\\\/shop.akumaye.org\\\/product\\\/cacao-bar-500g\\\/\",\"name\":\"Cacao Bar 500g - Akumay\u00ea Shop\",\"isPartOf\":{\"@id\":\"https:\\\/\\\/shop.akumaye.org\\\/#website\"},\"primaryImageOfPage\":{\"@id\":\"https:\\\/\\\/shop.akumaye.org\\\/product\\\/cacao-bar-500g\\\/#primaryimage\"},\"image\":{\"@id\":\"https:\\\/\\\/shop.akumaye.org\\\/product\\\/cacao-bar-500g\\\/#primaryimage\"},\"thumbnailUrl\":\"https:\\\/\\\/shop.akumaye.org\\\/wp-content\\\/uploads\\\/2025\\\/08\\\/Barra-Cacau-Cerimonial-Akumaye.jpg\",\"datePublished\":\"2025-08-10T03:09:24+00:00\",\"dateModified\":\"2026-01-12T10:30:29+00:00\",\"breadcrumb\":{\"@id\":\"https:\\\/\\\/shop.akumaye.org\\\/product\\\/cacao-bar-500g\\\/#breadcrumb\"},\"inLanguage\":\"it-IT\",\"potentialAction\":[{\"@type\":\"ReadAction\",\"target\":[\"https:\\\/\\\/shop.akumaye.org\\\/product\\\/cacao-bar-500g\\\/\"]}]},{\"@type\":\"ImageObject\",\"inLanguage\":\"it-IT\",\"@id\":\"https:\\\/\\\/shop.akumaye.org\\\/product\\\/cacao-bar-500g\\\/#primaryimage\",\"url\":\"https:\\\/\\\/shop.akumaye.org\\\/wp-content\\\/uploads\\\/2025\\\/08\\\/Barra-Cacau-Cerimonial-Akumaye.jpg\",\"contentUrl\":\"https:\\\/\\\/shop.akumaye.org\\\/wp-content\\\/uploads\\\/2025\\\/08\\\/Barra-Cacau-Cerimonial-Akumaye.jpg\",\"width\":1920,\"height\":1920,\"caption\":\"Barra Cacau Cerimonial - Akumay\u00ea\"},{\"@type\":\"BreadcrumbList\",\"@id\":\"https:\\\/\\\/shop.akumaye.org\\\/product\\\/cacao-bar-500g\\\/#breadcrumb\",\"itemListElement\":[{\"@type\":\"ListItem\",\"position\":1,\"name\":\"Home\",\"item\":\"https:\\\/\\\/shop.akumaye.org\\\/\"},{\"@type\":\"ListItem\",\"position\":2,\"name\":\"Shop\",\"item\":\"https:\\\/\\\/shop.akumaye.org\\\/shop\\\/\"},{\"@type\":\"ListItem\",\"position\":3,\"name\":\"Cacao Bar 500g\"}]},{\"@type\":\"WebSite\",\"@id\":\"https:\\\/\\\/shop.akumaye.org\\\/#website\",\"url\":\"https:\\\/\\\/shop.akumaye.org\\\/\",\"name\":\"Akumay\u00ea Shop\",\"description\":\"Medicine of care, art of encounter\",\"publisher\":{\"@id\":\"https:\\\/\\\/shop.akumaye.org\\\/#organization\"},\"potentialAction\":[{\"@type\":\"SearchAction\",\"target\":{\"@type\":\"EntryPoint\",\"urlTemplate\":\"https:\\\/\\\/shop.akumaye.org\\\/?s={search_term_string}\"},\"query-input\":{\"@type\":\"PropertyValueSpecification\",\"valueRequired\":true,\"valueName\":\"search_term_string\"}}],\"inLanguage\":\"it-IT\"},{\"@type\":\"Organization\",\"@id\":\"https:\\\/\\\/shop.akumaye.org\\\/#organization\",\"name\":\"Akumay\u00ea\",\"url\":\"https:\\\/\\\/shop.akumaye.org\\\/\",\"logo\":{\"@type\":\"ImageObject\",\"inLanguage\":\"it-IT\",\"@id\":\"https:\\\/\\\/shop.akumaye.org\\\/#\\\/schema\\\/logo\\\/image\\\/\",\"url\":\"https:\\\/\\\/shop.akumaye.org\\\/wp-content\\\/uploads\\\/2025\\\/07\\\/Akumaye-2.png\",\"contentUrl\":\"https:\\\/\\\/shop.akumaye.org\\\/wp-content\\\/uploads\\\/2025\\\/07\\\/Akumaye-2.png\",\"width\":351,\"height\":116,\"caption\":\"Akumay\u00ea\"},\"image\":{\"@id\":\"https:\\\/\\\/shop.akumaye.org\\\/#\\\/schema\\\/logo\\\/image\\\/\"},\"sameAs\":[\"https:\\\/\\\/instagram.com\\\/corpo.akumaye\"],\"description\":\"Akumay\u00ea is a multi-artistic research project that explores somatic healing, ancestral knowledge, and the expansion of consciousness through artistic and spiritual expression. Composed of professionals in the arts and therapies, the collective holds concerts, rituals, presentations, and experiential retreats, connecting people to new transformative experiences.\",\"email\":\"contact@akumaye.org\"}]}<\/script>\n<!-- \/ Yoast SEO Premium plugin. -->","yoast_head_json":{"title":"Barretta Di Cacao 500g - Negozio Akumay\u00ea","robots":{"index":"index","follow":"follow","max-snippet":"max-snippet:-1","max-image-preview":"max-image-preview:large","max-video-preview":"max-video-preview:-1"},"canonical":"https:\/\/shop.akumaye.org\/it\/product\/cacao-bar-500g\/","og_locale":"it_IT","og_type":"article","og_title":"Cacao Bar 500g","og_description":"Pure cacao bar, intense and aromatic, perfect for preparing recipes or rich beverages.","og_url":"https:\/\/shop.akumaye.org\/it\/product\/cacao-bar-500g\/","og_site_name":"Akumay\u00ea Shop","article_modified_time":"2026-01-12T10:30:29+00:00","og_image":[{"width":1920,"height":1920,"url":"https:\/\/shop.akumaye.org\/wp-content\/uploads\/2025\/08\/Barra-Cacau-Cerimonial-Akumaye.jpg","type":"image\/jpeg"}],"schema":{"@context":"https:\/\/schema.org","@graph":[{"@type":"WebPage","@id":"https:\/\/shop.akumaye.org\/product\/cacao-bar-500g\/","url":"https:\/\/shop.akumaye.org\/product\/cacao-bar-500g\/","name":"Barretta Di Cacao 500g - Negozio Akumay\u00ea","isPartOf":{"@id":"https:\/\/shop.akumaye.org\/#website"},"primaryImageOfPage":{"@id":"https:\/\/shop.akumaye.org\/product\/cacao-bar-500g\/#primaryimage"},"image":{"@id":"https:\/\/shop.akumaye.org\/product\/cacao-bar-500g\/#primaryimage"},"thumbnailUrl":"https:\/\/shop.akumaye.org\/wp-content\/uploads\/2025\/08\/Barra-Cacau-Cerimonial-Akumaye.jpg","datePublished":"2025-08-10T03:09:24+00:00","dateModified":"2026-01-12T10:30:29+00:00","breadcrumb":{"@id":"https:\/\/shop.akumaye.org\/product\/cacao-bar-500g\/#breadcrumb"},"inLanguage":"it-IT","potentialAction":[{"@type":"ReadAction","target":["https:\/\/shop.akumaye.org\/product\/cacao-bar-500g\/"]}]},{"@type":"ImageObject","inLanguage":"it-IT","@id":"https:\/\/shop.akumaye.org\/product\/cacao-bar-500g\/#primaryimage","url":"https:\/\/shop.akumaye.org\/wp-content\/uploads\/2025\/08\/Barra-Cacau-Cerimonial-Akumaye.jpg","contentUrl":"https:\/\/shop.akumaye.org\/wp-content\/uploads\/2025\/08\/Barra-Cacau-Cerimonial-Akumaye.jpg","width":1920,"height":1920,"caption":"Barra Cacau Cerimonial - Akumay\u00ea"},{"@type":"BreadcrumbList","@id":"https:\/\/shop.akumaye.org\/product\/cacao-bar-500g\/#breadcrumb","itemListElement":[{"@type":"ListItem","position":1,"name":"Home","item":"https:\/\/shop.akumaye.org\/"},{"@type":"ListItem","position":2,"name":"Shop","item":"https:\/\/shop.akumaye.org\/shop\/"},{"@type":"ListItem","position":3,"name":"Cacao Bar 500g"}]},{"@type":"WebSite","@id":"https:\/\/shop.akumaye.org\/#website","url":"https:\/\/shop.akumaye.org\/","name":"Negozio Akumay\u00ea","description":"Medicina della cura, arte dell&#039;incontro","publisher":{"@id":"https:\/\/shop.akumaye.org\/#organization"},"potentialAction":[{"@type":"SearchAction","target":{"@type":"EntryPoint","urlTemplate":"https:\/\/shop.akumaye.org\/?s={search_term_string}"},"query-input":{"@type":"PropertyValueSpecification","valueRequired":true,"valueName":"search_term_string"}}],"inLanguage":"it-IT"},{"@type":"Organization","@id":"https:\/\/shop.akumaye.org\/#organization","name":"Akumay\u00ea","url":"https:\/\/shop.akumaye.org\/","logo":{"@type":"ImageObject","inLanguage":"it-IT","@id":"https:\/\/shop.akumaye.org\/#\/schema\/logo\/image\/","url":"https:\/\/shop.akumaye.org\/wp-content\/uploads\/2025\/07\/Akumaye-2.png","contentUrl":"https:\/\/shop.akumaye.org\/wp-content\/uploads\/2025\/07\/Akumaye-2.png","width":351,"height":116,"caption":"Akumay\u00ea"},"image":{"@id":"https:\/\/shop.akumaye.org\/#\/schema\/logo\/image\/"},"sameAs":["https:\/\/instagram.com\/corpo.akumaye"],"description":"Akumay\u00ea \u00e8 un progetto di ricerca multi-artistico che esplora la guarigione somatica, la conoscenza ancestrale e l&#039;espansione della coscienza attraverso l&#039;espressione artistica e spirituale. Composto da professionisti delle arti e delle terapie, il collettivo organizza concerti, rituali, presentazioni e ritiri esperienziali, connettendo le persone a nuove esperienze trasformative.","email":"contact@akumaye.org"}]}},"_links":{"self":[{"href":"https:\/\/shop.akumaye.org\/it\/wp-json\/wp\/v2\/product\/673","targetHints":{"allow":["GET"]}}],"collection":[{"href":"https:\/\/shop.akumaye.org\/it\/wp-json\/wp\/v2\/product"}],"about":[{"href":"https:\/\/shop.akumaye.org\/it\/wp-json\/wp\/v2\/types\/product"}],"replies":[{"embeddable":true,"href":"https:\/\/shop.akumaye.org\/it\/wp-json\/wp\/v2\/comments?post=673"}],"wp:featuredmedia":[{"embeddable":true,"href":"https:\/\/shop.akumaye.org\/it\/wp-json\/wp\/v2\/media\/1124"}],"wp:attachment":[{"href":"https:\/\/shop.akumaye.org\/it\/wp-json\/wp\/v2\/media?parent=673"}],"wp:term":[{"taxonomy":"product_brand","embeddable":true,"href":"https:\/\/shop.akumaye.org\/it\/wp-json\/wp\/v2\/product_brand?post=673"},{"taxonomy":"product_cat","embeddable":true,"href":"https:\/\/shop.akumaye.org\/it\/wp-json\/wp\/v2\/product_cat?post=673"},{"taxonomy":"product_tag","embeddable":true,"href":"https:\/\/shop.akumaye.org\/it\/wp-json\/wp\/v2\/product_tag?post=673"}],"curies":[{"name":"wp","href":"https:\/\/api.w.org\/{rel}","templated":true}]}}